{"id":1114,"date":"2022-11-01T18:32:53","date_gmt":"2022-11-01T18:32:53","guid":{"rendered":"https:\/\/corpbest.com\/?page_id=1114"},"modified":"2022-11-03T13:21:59","modified_gmt":"2022-11-03T13:21:59","slug":"aceites-para-refrigeracion-aba-y-suniso","status":"publish","type":"page","link":"https:\/\/corpbest.com\/?page_id=1114","title":{"rendered":"Aceites BVA y Suniso"},"content":{"rendered":"\n<div class=\"wp-block-columns is-layout-flex wp-container-core-columns-is-layout-28f84493 wp-block-columns-is-layout-flex\">\n<div class=\"wp-block-column is-layout-flow wp-block-column-is-layout-flow\" style=\"flex-basis:30%\">\n<figure class=\"wp-block-image alignleft size-full is-resized\"><img data-recalc-dims=\"1\" decoding=\"async\" src=\"https:\/\/i0.wp.com\/corpbest.com\/wp-content\/uploads\/2022\/11\/Logo-BVA-Oil.jpg?resize=114%2C114&#038;ssl=1\" alt=\"\" class=\"wp-image-1124\" width=\"114\" height=\"114\" srcset=\"https:\/\/i0.wp.com\/corpbest.com\/wp-content\/uploads\/2022\/11\/Logo-BVA-Oil.jpg?w=256&amp;ssl=1 256w, https:\/\/i0.wp.com\/corpbest.com\/wp-content\/uploads\/2022\/11\/Logo-BVA-Oil.jpg?resize=150%2C150&amp;ssl=1 150w, https:\/\/i0.wp.com\/corpbest.com\/wp-content\/uploads\/2022\/11\/Logo-BVA-Oil.jpg?resize=700%2C700&amp;ssl=1 700w\" sizes=\"(max-width: 114px) 100vw, 114px\" \/><\/figure>\n<\/div>\n\n\n\n<div class=\"wp-block-column is-layout-flow wp-block-column-is-layout-flow\" style=\"flex-basis:66.66%\"><\/div>\n<\/div>\n\n\n\n<div class=\"wp-block-columns is-style-customboxshadow is-layout-flex wp-container-core-columns-is-layout-b2dcead3 wp-block-columns-is-layout-flex\" style=\"padding-top:7px;padding-right:7px;padding-bottom:7px;padding-left:7px\">\n<div class=\"wp-block-column is-layout-flow wp-block-column-is-layout-flow\"><div class=\"wp-block-wptb-table-block\"><div class=\"wptb-container-legacy\" data-table-id=\"1115\">\n    <table class=\"wptb-preview-table wptb-element-main-table_setting-951 edit-active\" data-reconstraction=\"1\" style=\"border: 1px solid rgb(1, 10, 142);\" data-wptb-table-tds-sum-max-width=\"297.993118\" data-wptb-cells-width-auto-count=\"1\" data-wptb-horizontal-scroll-status=\"false\" data-wptb-extra-styles=\"LyogRW50ZXIgeW91ciBjdXN0b20gQ1NTIHJ1bGVzIGhlcmUgKi8=\" role=\"table\" data-wptb-apply-table-container-max-width=\"1\" data-wptb-table-container-max-width=\"923\" data-wptb-td-width-auto=\"43\" data-table-columns=\"2\" data-wptb-header-background-color=\"#FFFFFFFF\" data-wptb-even-row-background-color=\"#FFFFFFFF\" data-wptb-odd-row-background-color=\"#FFFFFFFF\" data-wptb-table-alignment=\"center\" data-disable-theme-styles=\"1\"><tbody><tr class=\"wptb-row\" style=\"background-color: rgb(255, 255, 255);\"><td class=\"wptb-cell\" data-y-index=\"0\" data-x-index=\"0\" style=\"border: 1px solid rgb(1, 10, 142); padding: 20px; width: 172px;\"><div class=\"wptb-image-container wptb-ph-element wptb-element-image-9\" data-wptb-image-alignment=\"center\"><div class=\"wptb-image-wrapper\">            <a style=\"display: block; width: 40%;\" class=\"\">                                <img data-recalc-dims=\"1\" decoding=\"async\" class=\"wptb-image-element-target\" height=\"251\" width=\"118\" src=\"https:\/\/i0.wp.com\/corpbest.com\/wp-content\/uploads\/2022\/11\/0110-130.jpg?resize=118%2C251\" style=\"width: 100%;\">            <\/a>        <\/div><\/div><\/td><td class=\"wptb-cell\" data-y-index=\"0\" data-x-index=\"1\" style=\"border: 1px solid rgb(1, 10, 142); padding: 20px;\" data-wptb-css-td-auto-width=\"true\"><div class=\"wptb-text-container wptb-ph-element wptb-element-text-208\" style=\"color: rgb(74, 85, 104); font-size: 14px;\"><div class=\"\" style=\"position: relative;\"><p>ACEITE RPOE32 100% POLIOLESTER 8ONZ. LATA NEVERA BVA<\/p><\/div><\/div><\/td><\/tr><tr class=\"wptb-row\" style=\"background-color: rgb(255, 255, 255);\"><td class=\"wptb-cell\" data-y-index=\"1\" data-x-index=\"0\" style=\"border: 1px solid rgb(1, 10, 142); padding: 20px; width: 172px;\"><div class=\"wptb-image-container wptb-ph-element wptb-element-image-2\" data-wptb-image-alignment=\"center\"><div class=\"wptb-image-wrapper\">            <a style=\"display: block; width: 100%;\" class=\"\">                                <img data-recalc-dims=\"1\" decoding=\"async\" class=\"wptb-image-element-target\" height=\"233\" width=\"216\" src=\"https:\/\/i0.wp.com\/corpbest.com\/wp-content\/uploads\/2022\/11\/0110-163.jpg?resize=216%2C233\" style=\"width: 100%;\">            <\/a>        <\/div><\/div><\/td><td class=\"wptb-cell\" data-y-index=\"1\" data-x-index=\"1\" style=\"border: 1px solid rgb(1, 10, 142); padding: 20px;\" data-wptb-css-td-auto-width=\"true\"><div class=\"wptb-text-container wptb-ph-element wptb-element-text-209\" style=\"color: rgb(74, 85, 104); font-size: 14px;\"><div class=\"\" style=\"position: relative;\"><p>ACEITE RPOE68 100% POLIOLESTER LITRO LATA BVA<\/p><\/div><\/div><\/td><\/tr><tr class=\"wptb-row\" style=\"background-color: rgb(255, 255, 255);\"><td class=\"wptb-cell\" style=\"border: 1px solid rgb(1, 10, 142); padding: 20px; width: 172px;\" data-x-index=\"0\" data-y-index=\"2\"><div class=\"wptb-image-container wptb-ph-element wptb-element-image-10\" data-wptb-image-alignment=\"center\"><div class=\"wptb-image-wrapper\">            <a style=\"display: block; width: 70%;\" class=\"\">                                <img data-recalc-dims=\"1\" decoding=\"async\" class=\"wptb-image-element-target\" height=\"339\" width=\"221\" src=\"https:\/\/i0.wp.com\/corpbest.com\/wp-content\/uploads\/2022\/11\/0110-165.jpg?resize=221%2C339\" style=\"width: 100%;\">            <\/a>        <\/div><\/div><\/td><td class=\"wptb-cell\" style=\"border: 1px solid rgb(1, 10, 142); padding: 20px;\" data-x-index=\"1\" data-y-index=\"2\" data-wptb-css-td-auto-width=\"true\"><div class=\"wptb-text-container wptb-ph-element wptb-element-text-211\" style=\"color: rgb(74, 85, 104); font-size: 14px;\"><div class=\"\" style=\"position: relative;\"><p>ACEITE RPOE100 100% POLIOLESTER GALON BVA<\/p><\/div><\/div><\/td><\/tr><tr class=\"wptb-row\" style=\"background-color: rgb(255, 255, 255);\"><td class=\"wptb-cell\" style=\"border: 1px solid rgb(1, 10, 142); padding: 20px; width: 172px;\" data-x-index=\"0\" data-y-index=\"3\"><div class=\"wptb-image-container wptb-ph-element wptb-element-image-13\" data-wptb-image-alignment=\"center\"><div class=\"wptb-image-wrapper\">            <a style=\"display: block; width: 68%;\" class=\"\">                                <img data-recalc-dims=\"1\" decoding=\"async\" class=\"wptb-image-element-target\" height=\"273\" width=\"185\" src=\"https:\/\/i0.wp.com\/corpbest.com\/wp-content\/uploads\/2022\/11\/0110-167.jpg?resize=185%2C273\" style=\"width: 100%;\">            <\/a>        <\/div><\/div><\/td><td class=\"wptb-cell\" style=\"border: 1px solid rgb(1, 10, 142); padding: 20px;\" data-x-index=\"1\" data-y-index=\"3\" data-wptb-css-td-auto-width=\"true\"><div class=\"wptb-text-container wptb-ph-element wptb-element-text-213\" style=\"color: rgb(74, 85, 104); font-size: 14px;\"><div class=\"\" style=\"position: relative;\"><p>ACEITE RPOE170 100% POLIOLESTER GALON BVA<\/p><\/div><\/div><\/td><\/tr><\/tbody><\/table>\n<\/div>\n<\/div><\/div>\n<\/div>\n\n\n\n<div class=\"wp-block-columns is-layout-flex wp-container-core-columns-is-layout-28f84493 wp-block-columns-is-layout-flex\">\n<div class=\"wp-block-column is-layout-flow wp-block-column-is-layout-flow\" style=\"flex-basis:33.33%\">\n<figure class=\"wp-block-image alignleft size-full is-resized\"><img data-recalc-dims=\"1\" decoding=\"async\" src=\"https:\/\/i0.wp.com\/corpbest.com\/wp-content\/uploads\/2022\/11\/Logo-Suniso1.jpg?resize=144%2C41&#038;ssl=1\" alt=\"\" class=\"wp-image-1129\" width=\"144\" height=\"41\" srcset=\"https:\/\/i0.wp.com\/corpbest.com\/wp-content\/uploads\/2022\/11\/Logo-Suniso1.jpg?w=875&amp;ssl=1 875w, https:\/\/i0.wp.com\/corpbest.com\/wp-content\/uploads\/2022\/11\/Logo-Suniso1.jpg?resize=300%2C86&amp;ssl=1 300w, https:\/\/i0.wp.com\/corpbest.com\/wp-content\/uploads\/2022\/11\/Logo-Suniso1.jpg?resize=768%2C219&amp;ssl=1 768w\" sizes=\"(max-width: 144px) 100vw, 144px\" \/><\/figure>\n<\/div>\n\n\n\n<div class=\"wp-block-column is-layout-flow wp-block-column-is-layout-flow\" style=\"flex-basis:66.66%\"><\/div>\n<\/div>\n\n\n\n<div class=\"wp-block-columns is-style-customboxshadow is-layout-flex wp-container-core-columns-is-layout-b2dcead3 wp-block-columns-is-layout-flex\" style=\"padding-top:7px;padding-right:7px;padding-bottom:7px;padding-left:7px\">\n<div class=\"wp-block-column is-layout-flow wp-block-column-is-layout-flow\"><div class=\"wp-block-wptb-table-block\"><div class=\"wptb-container-legacy\" data-table-id=\"1120\">\n    <table class=\"wptb-preview-table wptb-element-main-table_setting-951 edit-active\" data-reconstraction=\"1\" style=\"border: 1px solid rgb(1, 10, 142);\" data-wptb-table-tds-sum-max-width=\"297.993118\" data-wptb-cells-width-auto-count=\"1\" data-wptb-horizontal-scroll-status=\"false\" data-wptb-extra-styles=\"LyogRW50ZXIgeW91ciBjdXN0b20gQ1NTIHJ1bGVzIGhlcmUgKi8=\" role=\"table\" data-wptb-apply-table-container-max-width=\"1\" data-wptb-table-container-max-width=\"923\" data-wptb-td-width-auto=\"43\" data-table-columns=\"2\" data-wptb-header-background-color=\"#FFFFFFFF\" data-wptb-even-row-background-color=\"#FFFFFFFF\" data-wptb-odd-row-background-color=\"#FFFFFFFF\" data-wptb-table-alignment=\"center\" data-disable-theme-styles=\"1\"><tbody><tr class=\"wptb-row\" style=\"background-color: rgb(255, 255, 255);\"><td class=\"wptb-cell\" data-y-index=\"0\" data-x-index=\"0\" style=\"border: 1px solid rgb(1, 10, 142); padding: 20px; width: 172px;\"><div class=\"wptb-image-container wptb-ph-element wptb-element-image-9\" data-wptb-image-alignment=\"center\"><div class=\"wptb-image-wrapper\">            <a style=\"display: block; width: 66%;\" class=\"\">                                <img data-recalc-dims=\"1\" decoding=\"async\" class=\"wptb-image-element-target\" height=\"322\" width=\"232\" src=\"https:\/\/i0.wp.com\/corpbest.com\/wp-content\/uploads\/2022\/11\/0102-001.jpg?resize=232%2C322\" style=\"width: 100%;\">            <\/a>        <\/div><\/div><\/td><td class=\"wptb-cell\" data-y-index=\"0\" data-x-index=\"1\" style=\"border: 1px solid rgb(1, 10, 142); padding: 20px;\" data-wptb-css-td-auto-width=\"true\"><div class=\"wptb-text-container wptb-ph-element wptb-element-text-208\" style=\"color: rgb(74, 85, 104); font-size: 14px;\"><div class=\"\" style=\"position: relative;\"><p>ACEITE SUNISO 3GS (PARKER USA) GALON 3.8lts. (Caja x 4pzs.)<\/p><\/div><\/div><\/td><\/tr><tr class=\"wptb-row\" style=\"background-color: rgb(255, 255, 255);\"><td class=\"wptb-cell\" data-y-index=\"1\" data-x-index=\"0\" style=\"border: 1px solid rgb(1, 10, 142); padding: 20px; width: 172px;\"><div class=\"wptb-image-container wptb-ph-element wptb-element-image-2\" data-wptb-image-alignment=\"center\"><div class=\"wptb-image-wrapper\">            <a style=\"display: block; width: 100%;\" class=\"\">                                <img data-recalc-dims=\"1\" decoding=\"async\" class=\"wptb-image-element-target\" height=\"250\" width=\"250\" src=\"https:\/\/i0.wp.com\/corpbest.com\/wp-content\/uploads\/2022\/11\/0102-002.jpg?resize=250%2C250\" style=\"width: 100%;\">            <\/a>        <\/div><\/div><\/td><td class=\"wptb-cell\" data-y-index=\"1\" data-x-index=\"1\" style=\"border: 1px solid rgb(1, 10, 142); padding: 20px;\" data-wptb-css-td-auto-width=\"true\"><div class=\"wptb-text-container wptb-ph-element wptb-element-text-209\" style=\"color: rgb(74, 85, 104); font-size: 14px;\"><div class=\"\" style=\"position: relative;\"><p>ACEITE SUNISO 4GS (PARKER USA) GALON 3.8lts. (Caja x 4pzs.)<\/p><\/div><\/div><\/td><\/tr><\/tbody><\/table>\n<\/div>\n<\/div><\/div>\n<\/div>\n","protected":false},"excerpt":{"rendered":"","protected":false},"author":1,"featured_media":0,"parent":0,"menu_order":0,"comment_status":"closed","ping_status":"closed","template":"","meta":{"tpgb_global_settings":"","nf_dc_page":"","om_disable_all_campaigns":false,"_monsterinsights_skip_tracking":false,"_monsterinsights_sitenote_active":false,"_monsterinsights_sitenote_note":"","_monsterinsights_sitenote_category":0,"footnotes":""},"class_list":["post-1114","page","type-page","status-publish","hentry"],"aioseo_notices":[],"yoast_head":"<!-- This site is optimized with the Yoast SEO plugin v27.4 - https:\/\/yoast.com\/product\/yoast-seo-wordpress\/ -->\n<title>Aceites BVA y Suniso - CORPORACI\u00d3N BEST INTERNACIONAL 2002, C.A.<\/title>\n<meta name=\"description\" content=\"Aceites BVA y Suniso para refrigeraci\u00f3n y aire acondicionado y toda la cadena de frio en general, estos empleaban aceites minerales y alquilbenc\u00e9nicos para la lubricaci\u00f3n de los compresores. El fabricante del compresor es qui\u00e9n recomienda cual aceite usar.\" \/>\n<meta name=\"robots\" content=\"index, follow, max-snippet:-1, max-image-preview:large, max-video-preview:-1\" \/>\n<link rel=\"canonical\" href=\"https:\/\/corpbest.com\/?page_id=1114\" \/>\n<meta property=\"og:locale\" content=\"en_US\" \/>\n<meta property=\"og:type\" content=\"article\" \/>\n<meta property=\"og:title\" content=\"Aceites BVA y Suniso - CORPORACI\u00d3N BEST INTERNACIONAL 2002, C.A.\" \/>\n<meta property=\"og:description\" content=\"Aceites BVA y Suniso para refrigeraci\u00f3n y aire acondicionado y toda la cadena de frio en general, estos empleaban aceites minerales y alquilbenc\u00e9nicos para la lubricaci\u00f3n de los compresores. El fabricante del compresor es qui\u00e9n recomienda cual aceite usar.\" \/>\n<meta property=\"og:url\" content=\"https:\/\/corpbest.com\/?page_id=1114\" \/>\n<meta property=\"og:site_name\" content=\"CORPORACI\u00d3N BEST INTERNACIONAL 2002, C.A.\" \/>\n<meta property=\"article:modified_time\" content=\"2022-11-03T13:21:59+00:00\" \/>\n<meta property=\"og:image\" content=\"https:\/\/corpbest.com\/wp-content\/uploads\/2022\/11\/Logo-BVA-Oil.jpg\" \/>\n<meta name=\"twitter:card\" content=\"summary_large_image\" \/>\n<meta name=\"twitter:label1\" content=\"Est. reading time\" \/>\n\t<meta name=\"twitter:data1\" content=\"1 minute\" \/>\n<script type=\"application\/ld+json\" class=\"yoast-schema-graph\">{\"@context\":\"https:\\\/\\\/schema.org\",\"@graph\":[{\"@type\":\"WebPage\",\"@id\":\"https:\\\/\\\/corpbest.com\\\/?page_id=1114\",\"url\":\"https:\\\/\\\/corpbest.com\\\/?page_id=1114\",\"name\":\"Aceites BVA y Suniso - CORPORACI\u00d3N BEST INTERNACIONAL 2002, C.A.\",\"isPartOf\":{\"@id\":\"https:\\\/\\\/corpbest.com\\\/#website\"},\"primaryImageOfPage\":{\"@id\":\"https:\\\/\\\/corpbest.com\\\/?page_id=1114#primaryimage\"},\"image\":{\"@id\":\"https:\\\/\\\/corpbest.com\\\/?page_id=1114#primaryimage\"},\"thumbnailUrl\":\"https:\\\/\\\/corpbest.com\\\/wp-content\\\/uploads\\\/2022\\\/11\\\/Logo-BVA-Oil.jpg\",\"datePublished\":\"2022-11-01T18:32:53+00:00\",\"dateModified\":\"2022-11-03T13:21:59+00:00\",\"description\":\"Aceites BVA y Suniso para refrigeraci\u00f3n y aire acondicionado y toda la cadena de frio en general, estos empleaban aceites minerales y alquilbenc\u00e9nicos para la lubricaci\u00f3n de los compresores. El fabricante del compresor es qui\u00e9n recomienda cual aceite usar.\",\"breadcrumb\":{\"@id\":\"https:\\\/\\\/corpbest.com\\\/?page_id=1114#breadcrumb\"},\"inLanguage\":\"en-US\",\"potentialAction\":[{\"@type\":\"ReadAction\",\"target\":[\"https:\\\/\\\/corpbest.com\\\/?page_id=1114\"]}]},{\"@type\":\"ImageObject\",\"inLanguage\":\"en-US\",\"@id\":\"https:\\\/\\\/corpbest.com\\\/?page_id=1114#primaryimage\",\"url\":\"https:\\\/\\\/i0.wp.com\\\/corpbest.com\\\/wp-content\\\/uploads\\\/2022\\\/11\\\/Logo-BVA-Oil.jpg?fit=256%2C256&ssl=1\",\"contentUrl\":\"https:\\\/\\\/i0.wp.com\\\/corpbest.com\\\/wp-content\\\/uploads\\\/2022\\\/11\\\/Logo-BVA-Oil.jpg?fit=256%2C256&ssl=1\",\"width\":256,\"height\":256},{\"@type\":\"BreadcrumbList\",\"@id\":\"https:\\\/\\\/corpbest.com\\\/?page_id=1114#breadcrumb\",\"itemListElement\":[{\"@type\":\"ListItem\",\"position\":1,\"name\":\"Home\",\"item\":\"https:\\\/\\\/corpbest.com\\\/\"},{\"@type\":\"ListItem\",\"position\":2,\"name\":\"Aceites BVA y Suniso\"}]},{\"@type\":\"WebSite\",\"@id\":\"https:\\\/\\\/corpbest.com\\\/#website\",\"url\":\"https:\\\/\\\/corpbest.com\\\/\",\"name\":\"CORPORACI\u00d3N BEST INTERNACIONAL 2002, C.A.\",\"description\":\"\",\"publisher\":{\"@id\":\"https:\\\/\\\/corpbest.com\\\/#organization\"},\"potentialAction\":[{\"@type\":\"SearchAction\",\"target\":{\"@type\":\"EntryPoint\",\"urlTemplate\":\"https:\\\/\\\/corpbest.com\\\/?s={search_term_string}\"},\"query-input\":{\"@type\":\"PropertyValueSpecification\",\"valueRequired\":true,\"valueName\":\"search_term_string\"}}],\"inLanguage\":\"en-US\"},{\"@type\":\"Organization\",\"@id\":\"https:\\\/\\\/corpbest.com\\\/#organization\",\"name\":\"CORPORACI\u00d3N BEST INTERNACIONAL 2002, C.A.\",\"url\":\"https:\\\/\\\/corpbest.com\\\/\",\"logo\":{\"@type\":\"ImageObject\",\"inLanguage\":\"en-US\",\"@id\":\"https:\\\/\\\/corpbest.com\\\/#\\\/schema\\\/logo\\\/image\\\/\",\"url\":\"https:\\\/\\\/i0.wp.com\\\/corpbest.com\\\/wp-content\\\/uploads\\\/2022\\\/10\\\/Logo-con-RIF.png?fit=3904%2C1245&ssl=1\",\"contentUrl\":\"https:\\\/\\\/i0.wp.com\\\/corpbest.com\\\/wp-content\\\/uploads\\\/2022\\\/10\\\/Logo-con-RIF.png?fit=3904%2C1245&ssl=1\",\"width\":3904,\"height\":1245,\"caption\":\"CORPORACI\u00d3N BEST INTERNACIONAL 2002, C.A.\"},\"image\":{\"@id\":\"https:\\\/\\\/corpbest.com\\\/#\\\/schema\\\/logo\\\/image\\\/\"}}]}<\/script>\n<!-- \/ Yoast SEO plugin. -->","yoast_head_json":{"title":"Aceites BVA y Suniso - CORPORACI\u00d3N BEST INTERNACIONAL 2002, C.A.","description":"Aceites BVA y Suniso para refrigeraci\u00f3n y aire acondicionado y toda la cadena de frio en general, estos empleaban aceites minerales y alquilbenc\u00e9nicos para la lubricaci\u00f3n de los compresores. El fabricante del compresor es qui\u00e9n recomienda cual aceite usar.","robots":{"index":"index","follow":"follow","max-snippet":"max-snippet:-1","max-image-preview":"max-image-preview:large","max-video-preview":"max-video-preview:-1"},"canonical":"https:\/\/corpbest.com\/?page_id=1114","og_locale":"en_US","og_type":"article","og_title":"Aceites BVA y Suniso - CORPORACI\u00d3N BEST INTERNACIONAL 2002, C.A.","og_description":"Aceites BVA y Suniso para refrigeraci\u00f3n y aire acondicionado y toda la cadena de frio en general, estos empleaban aceites minerales y alquilbenc\u00e9nicos para la lubricaci\u00f3n de los compresores. El fabricante del compresor es qui\u00e9n recomienda cual aceite usar.","og_url":"https:\/\/corpbest.com\/?page_id=1114","og_site_name":"CORPORACI\u00d3N BEST INTERNACIONAL 2002, C.A.","article_modified_time":"2022-11-03T13:21:59+00:00","og_image":[{"url":"https:\/\/corpbest.com\/wp-content\/uploads\/2022\/11\/Logo-BVA-Oil.jpg","type":"","width":"","height":""}],"twitter_card":"summary_large_image","twitter_misc":{"Est. reading time":"1 minute"},"schema":{"@context":"https:\/\/schema.org","@graph":[{"@type":"WebPage","@id":"https:\/\/corpbest.com\/?page_id=1114","url":"https:\/\/corpbest.com\/?page_id=1114","name":"Aceites BVA y Suniso - CORPORACI\u00d3N BEST INTERNACIONAL 2002, C.A.","isPartOf":{"@id":"https:\/\/corpbest.com\/#website"},"primaryImageOfPage":{"@id":"https:\/\/corpbest.com\/?page_id=1114#primaryimage"},"image":{"@id":"https:\/\/corpbest.com\/?page_id=1114#primaryimage"},"thumbnailUrl":"https:\/\/corpbest.com\/wp-content\/uploads\/2022\/11\/Logo-BVA-Oil.jpg","datePublished":"2022-11-01T18:32:53+00:00","dateModified":"2022-11-03T13:21:59+00:00","description":"Aceites BVA y Suniso para refrigeraci\u00f3n y aire acondicionado y toda la cadena de frio en general, estos empleaban aceites minerales y alquilbenc\u00e9nicos para la lubricaci\u00f3n de los compresores. El fabricante del compresor es qui\u00e9n recomienda cual aceite usar.","breadcrumb":{"@id":"https:\/\/corpbest.com\/?page_id=1114#breadcrumb"},"inLanguage":"en-US","potentialAction":[{"@type":"ReadAction","target":["https:\/\/corpbest.com\/?page_id=1114"]}]},{"@type":"ImageObject","inLanguage":"en-US","@id":"https:\/\/corpbest.com\/?page_id=1114#primaryimage","url":"https:\/\/i0.wp.com\/corpbest.com\/wp-content\/uploads\/2022\/11\/Logo-BVA-Oil.jpg?fit=256%2C256&ssl=1","contentUrl":"https:\/\/i0.wp.com\/corpbest.com\/wp-content\/uploads\/2022\/11\/Logo-BVA-Oil.jpg?fit=256%2C256&ssl=1","width":256,"height":256},{"@type":"BreadcrumbList","@id":"https:\/\/corpbest.com\/?page_id=1114#breadcrumb","itemListElement":[{"@type":"ListItem","position":1,"name":"Home","item":"https:\/\/corpbest.com\/"},{"@type":"ListItem","position":2,"name":"Aceites BVA y Suniso"}]},{"@type":"WebSite","@id":"https:\/\/corpbest.com\/#website","url":"https:\/\/corpbest.com\/","name":"CORPORACI\u00d3N BEST INTERNACIONAL 2002, C.A.","description":"","publisher":{"@id":"https:\/\/corpbest.com\/#organization"},"potentialAction":[{"@type":"SearchAction","target":{"@type":"EntryPoint","urlTemplate":"https:\/\/corpbest.com\/?s={search_term_string}"},"query-input":{"@type":"PropertyValueSpecification","valueRequired":true,"valueName":"search_term_string"}}],"inLanguage":"en-US"},{"@type":"Organization","@id":"https:\/\/corpbest.com\/#organization","name":"CORPORACI\u00d3N BEST INTERNACIONAL 2002, C.A.","url":"https:\/\/corpbest.com\/","logo":{"@type":"ImageObject","inLanguage":"en-US","@id":"https:\/\/corpbest.com\/#\/schema\/logo\/image\/","url":"https:\/\/i0.wp.com\/corpbest.com\/wp-content\/uploads\/2022\/10\/Logo-con-RIF.png?fit=3904%2C1245&ssl=1","contentUrl":"https:\/\/i0.wp.com\/corpbest.com\/wp-content\/uploads\/2022\/10\/Logo-con-RIF.png?fit=3904%2C1245&ssl=1","width":3904,"height":1245,"caption":"CORPORACI\u00d3N BEST INTERNACIONAL 2002, C.A."},"image":{"@id":"https:\/\/corpbest.com\/#\/schema\/logo\/image\/"}}]}},"tpgb_featured_images":null,"tpgb_post_meta_info":{"get_date":"November 1, 2022","get_modified_date":"November 3, 2022","author_name":"mederosy","author_url":"https:\/\/corpbest.com\/?author=1","author_email":"mederosy@gmail.com","author_website":"","author_description":"","author_facebook":"","author_twitter":"","author_instagram":"","author_role":["administrator"],"author_firstname":"","author_lastname":"","user_login":"mederosy","author_avatar":"<img alt='' src='https:\/\/secure.gravatar.com\/avatar\/4415bbafcb7ef782795c7473f258df90aebdae3923143af041180066fa38b97e?s=200&#038;d=mm&#038;r=g' srcset='https:\/\/secure.gravatar.com\/avatar\/4415bbafcb7ef782795c7473f258df90aebdae3923143af041180066fa38b97e?s=400&#038;d=mm&#038;r=g 2x' class='avatar avatar-200 photo' height='200' width='200' decoding='async'\/>","author_avatar_url":"https:\/\/secure.gravatar.com\/avatar\/4415bbafcb7ef782795c7473f258df90aebdae3923143af041180066fa38b97e?s=96&d=mm&r=g","comment_count":0,"post_likes":0,"post_views":0},"tpgb_post_category":[],"jetpack_sharing_enabled":true,"_links":{"self":[{"href":"https:\/\/corpbest.com\/index.php?rest_route=\/wp\/v2\/pages\/1114","targetHints":{"allow":["GET"]}}],"collection":[{"href":"https:\/\/corpbest.com\/index.php?rest_route=\/wp\/v2\/pages"}],"about":[{"href":"https:\/\/corpbest.com\/index.php?rest_route=\/wp\/v2\/types\/page"}],"author":[{"embeddable":true,"href":"https:\/\/corpbest.com\/index.php?rest_route=\/wp\/v2\/users\/1"}],"replies":[{"embeddable":true,"href":"https:\/\/corpbest.com\/index.php?rest_route=%2Fwp%2Fv2%2Fcomments&post=1114"}],"version-history":[{"count":4,"href":"https:\/\/corpbest.com\/index.php?rest_route=\/wp\/v2\/pages\/1114\/revisions"}],"predecessor-version":[{"id":1286,"href":"https:\/\/corpbest.com\/index.php?rest_route=\/wp\/v2\/pages\/1114\/revisions\/1286"}],"wp:attachment":[{"href":"https:\/\/corpbest.com\/index.php?rest_route=%2Fwp%2Fv2%2Fmedia&parent=1114"}],"curies":[{"name":"wp","href":"https:\/\/api.w.org\/{rel}","templated":true}]}}