{"id":1318,"date":"2022-11-03T20:05:21","date_gmt":"2022-11-03T20:05:21","guid":{"rendered":"https:\/\/corpbest.com\/?page_id=1318"},"modified":"2022-11-03T20:07:15","modified_gmt":"2022-11-03T20:07:15","slug":"gases-refrigerantes","status":"publish","type":"page","link":"https:\/\/corpbest.com\/?page_id=1318","title":{"rendered":"Gases Refrigerantes"},"content":{"rendered":"\n<p><\/p>\n\n\n\n<div class=\"wp-block-columns is-layout-flex wp-container-core-columns-is-layout-28f84493 wp-block-columns-is-layout-flex\">\n<div class=\"wp-block-column is-style-customboxshadow has-background is-layout-flow wp-block-column-is-layout-flow\" style=\"background:linear-gradient(135deg,rgb(238,238,238) 46%,rgb(169,184,195) 100%);flex-basis:250px\">\n<p><\/p>\n\n\n\n<p class=\"has-text-align-center has-intrace-primary-color has-text-color has-secondary-font-family has-large-font-size\" style=\"font-style:normal;font-weight:700\">R134a<\/p>\n\n\n\n<figure class=\"wp-block-image aligncenter size-full is-resized\"><img data-recalc-dims=\"1\" decoding=\"async\" src=\"https:\/\/i0.wp.com\/corpbest.com\/wp-content\/uploads\/2022\/11\/R134A-removebg-preview.png?resize=103%2C175&#038;ssl=1\" alt=\"\" class=\"wp-image-1326\" width=\"103\" height=\"175\" srcset=\"https:\/\/i0.wp.com\/corpbest.com\/wp-content\/uploads\/2022\/11\/R134A-removebg-preview.png?w=198&amp;ssl=1 198w, https:\/\/i0.wp.com\/corpbest.com\/wp-content\/uploads\/2022\/11\/R134A-removebg-preview.png?resize=177%2C300&amp;ssl=1 177w\" sizes=\"(max-width: 103px) 100vw, 103px\" \/><\/figure>\n\n\n\n<p class=\"has-text-align-center has-intrace-primary-color has-text-color\">Refrigerante del Grupo (HFC). <br>Se dise\u00f1\u00f3&nbsp;para reemplazar al <br>R-12 y se utiliza en equipos <br>de refrigeraci\u00f3n Dom\u00e9stica, <br>Aire Acondicionado&nbsp;Automotriz <br>y en Chillers del Sector <br>Industrial en Temperatura (Alta). Lubricante recomendado por <br>el fabricante Sint\u00e9tico&nbsp;POE<\/p>\n\n\n\n<p><\/p>\n<\/div>\n\n\n\n<div class=\"wp-block-column is-style-customboxshadow has-background is-layout-flow wp-block-column-is-layout-flow\" style=\"background:linear-gradient(135deg,rgb(238,238,238) 37%,rgb(169,184,195) 100%)\">\n<p><\/p>\n\n\n\n<p class=\"has-text-align-center has-intrace-primary-color has-text-color has-secondary-font-family has-large-font-size\" style=\"font-style:normal;font-weight:700\">R404A<\/p>\n\n\n\n<figure class=\"wp-block-image aligncenter size-full is-resized\"><img data-recalc-dims=\"1\" decoding=\"async\" src=\"https:\/\/i0.wp.com\/corpbest.com\/wp-content\/uploads\/2022\/11\/R404A-removebg-preview.png?resize=99%2C176&#038;ssl=1\" alt=\"\" class=\"wp-image-1328\" width=\"99\" height=\"176\" srcset=\"https:\/\/i0.wp.com\/corpbest.com\/wp-content\/uploads\/2022\/11\/R404A-removebg-preview.png?w=265&amp;ssl=1 265w, https:\/\/i0.wp.com\/corpbest.com\/wp-content\/uploads\/2022\/11\/R404A-removebg-preview.png?resize=168%2C300&amp;ssl=1 168w\" sizes=\"(max-width: 99px) 100vw, 99px\" \/><\/figure>\n\n\n\n<p class=\"has-text-align-center has-intrace-primary-color has-text-color\">Refrigerante del Grupo (HFC) compuesto por mezclas de Refrigerantes (R-125, R-134a y <br>R-143a). Se dise\u00f1\u00f3\u00a0para <br>reemplazar al R-502 y se <br>utiliza en equipos de Refrigeraci\u00f3n Comercial de Temperaturas <br>(Media y Alta).\u00a0Lubricante<br> recomendado por el <br>fabricante Sint\u00e9tico\u00a0POE<\/p>\n\n\n\n<p><\/p>\n<\/div>\n\n\n\n<div class=\"wp-block-column is-style-customboxshadow has-background is-layout-flow wp-block-column-is-layout-flow\" style=\"background:linear-gradient(135deg,rgb(238,238,238) 37%,rgb(169,184,195) 100%)\">\n<p><\/p>\n\n\n\n<p class=\"has-text-align-center has-intrace-primary-color has-text-color has-secondary-font-family has-large-font-size\" style=\"font-style:normal;font-weight:700\">R410A<\/p>\n\n\n\n<figure class=\"wp-block-image aligncenter size-full is-resized\"><img data-recalc-dims=\"1\" decoding=\"async\" src=\"https:\/\/i0.wp.com\/corpbest.com\/wp-content\/uploads\/2022\/11\/R410A-removebg-preview.png?resize=108%2C177&#038;ssl=1\" alt=\"\" class=\"wp-image-1323\" width=\"108\" height=\"177\" srcset=\"https:\/\/i0.wp.com\/corpbest.com\/wp-content\/uploads\/2022\/11\/R410A-removebg-preview.png?w=330&amp;ssl=1 330w, https:\/\/i0.wp.com\/corpbest.com\/wp-content\/uploads\/2022\/11\/R410A-removebg-preview.png?resize=183%2C300&amp;ssl=1 183w\" sizes=\"(max-width: 108px) 100vw, 108px\" \/><\/figure>\n\n\n\n<p class=\"has-text-align-center has-intrace-primary-color has-text-color\">Refrigerante del Grupo (HFC) compuesto por mezclas de Refrigerantes (R-32 y R-125). <br>Se utiliza en equipos de Aires Acondicionados Residenciales, Comerciales e Industrial.&nbsp;<br>Lubricante recomendado por <br>el fabricante Sint\u00e9tico&nbsp;POE<\/p>\n<\/div>\n\n\n\n<div class=\"wp-block-column is-style-customboxshadow has-background is-layout-flow wp-block-column-is-layout-flow\" style=\"background:linear-gradient(135deg,rgb(238,238,238) 39%,rgb(169,184,195) 100%)\">\n<p><\/p>\n\n\n\n<p class=\"has-text-align-center has-intrace-primary-color has-text-color has-secondary-font-family has-large-font-size\" style=\"font-style:normal;font-weight:700\">R422D<\/p>\n\n\n\n<figure class=\"wp-block-image aligncenter size-full is-resized\"><img data-recalc-dims=\"1\" decoding=\"async\" src=\"https:\/\/i0.wp.com\/corpbest.com\/wp-content\/uploads\/2022\/11\/R422D-removebg-preview-removebg-preview.png?resize=116%2C180&#038;ssl=1\" alt=\"\" class=\"wp-image-1337\" width=\"116\" height=\"180\"\/><\/figure>\n\n\n\n<p class=\"has-text-align-center has-intrace-primary-color has-text-color\">Refrigerante del Grupo (HFC) compuesto por mezclas de Refrigerantes (R-125, R-134a y <br>R-600). Se dise\u00f1\u00f3&nbsp;para <br>reemplazar al R-22 y se utiliza en equipos de Refrigeraci\u00f3n Expansi\u00f3n&nbsp;Directa, los sistemas Comerciales&nbsp;de las cadenas de Supermercados de Temperaturas (Media y Alta).&nbsp;&nbsp;Lubricante recomendado por el fabricante&nbsp;&nbsp;(Mineral &#8211; Alquilbenceno&nbsp;<br>y POE) a elecci\u00f3n&nbsp;del Instalador&nbsp;&nbsp;<\/p>\n\n\n\n<p><\/p>\n<\/div>\n<\/div>\n","protected":false},"excerpt":{"rendered":"<p>R134a Refrigerante del Grupo (HFC). Se dise\u00f1\u00f3&nbsp;para reemplazar al R-12 y se utiliza en equipos de refrigeraci\u00f3n Dom\u00e9stica, Aire Acondicionado&nbsp;Automotriz y en Chillers del Sector Industrial en Temperatura (Alta). Lubricante recomendado por el fabricante Sint\u00e9tico&nbsp;POE R404A Refrigerante del Grupo (HFC) compuesto por mezclas de Refrigerantes (R-125, R-134a y R-143a). Se dise\u00f1\u00f3\u00a0para reemplazar al R-502 y se utiliza en equipos de Refrigeraci\u00f3n Comercial de Temperaturas (Media y Alta).\u00a0Lubricante recomendado por el fabricante Sint\u00e9tico\u00a0POE R410A Refrigerante del Grupo (HFC) compuesto por mezclas de Refrigerantes (R-32 y R-125). Se utiliza en equipos de Aires Acondicionados Residenciales, Comerciales e Industrial.&nbsp;Lubricante recomendado por el fabricante<\/p>\n","protected":false},"author":1,"featured_media":0,"parent":0,"menu_order":0,"comment_status":"closed","ping_status":"closed","template":"","meta":{"tpgb_global_settings":"","nf_dc_page":"","om_disable_all_campaigns":false,"_monsterinsights_skip_tracking":false,"_monsterinsights_sitenote_active":false,"_monsterinsights_sitenote_note":"","_monsterinsights_sitenote_category":0,"footnotes":""},"class_list":["post-1318","page","type-page","status-publish","hentry"],"aioseo_notices":[],"yoast_head":"<!-- This site is optimized with the Yoast SEO plugin v27.4 - https:\/\/yoast.com\/product\/yoast-seo-wordpress\/ -->\n<title>Gases Refrigerantes - CORPORACI\u00d3N BEST INTERNACIONAL 2002, C.A.<\/title>\n<meta name=\"robots\" content=\"index, follow, max-snippet:-1, max-image-preview:large, max-video-preview:-1\" \/>\n<link rel=\"canonical\" href=\"https:\/\/corpbest.com\/?page_id=1318\" \/>\n<meta property=\"og:locale\" content=\"en_US\" \/>\n<meta property=\"og:type\" content=\"article\" \/>\n<meta property=\"og:title\" content=\"Gases Refrigerantes - CORPORACI\u00d3N BEST INTERNACIONAL 2002, C.A.\" \/>\n<meta property=\"og:description\" content=\"R134a Refrigerante del Grupo (HFC). Se dise\u00f1\u00f3&nbsp;para reemplazar al R-12 y se utiliza en equipos de refrigeraci\u00f3n Dom\u00e9stica, Aire Acondicionado&nbsp;Automotriz y en Chillers del Sector Industrial en Temperatura (Alta). Lubricante recomendado por el fabricante Sint\u00e9tico&nbsp;POE R404A Refrigerante del Grupo (HFC) compuesto por mezclas de Refrigerantes (R-125, R-134a y R-143a). Se dise\u00f1\u00f3\u00a0para reemplazar al R-502 y se utiliza en equipos de Refrigeraci\u00f3n Comercial de Temperaturas (Media y Alta).\u00a0Lubricante recomendado por el fabricante Sint\u00e9tico\u00a0POE R410A Refrigerante del Grupo (HFC) compuesto por mezclas de Refrigerantes (R-32 y R-125). Se utiliza en equipos de Aires Acondicionados Residenciales, Comerciales e Industrial.&nbsp;Lubricante recomendado por el fabricante\" \/>\n<meta property=\"og:url\" content=\"https:\/\/corpbest.com\/?page_id=1318\" \/>\n<meta property=\"og:site_name\" content=\"CORPORACI\u00d3N BEST INTERNACIONAL 2002, C.A.\" \/>\n<meta property=\"article:modified_time\" content=\"2022-11-03T20:07:15+00:00\" \/>\n<meta property=\"og:image\" content=\"https:\/\/corpbest.com\/wp-content\/uploads\/2022\/11\/R134A-removebg-preview.png\" \/>\n<meta name=\"twitter:card\" content=\"summary_large_image\" \/>\n<meta name=\"twitter:label1\" content=\"Est. reading time\" \/>\n\t<meta name=\"twitter:data1\" content=\"2 minutes\" \/>\n<script type=\"application\/ld+json\" class=\"yoast-schema-graph\">{\"@context\":\"https:\\\/\\\/schema.org\",\"@graph\":[{\"@type\":\"WebPage\",\"@id\":\"https:\\\/\\\/corpbest.com\\\/?page_id=1318\",\"url\":\"https:\\\/\\\/corpbest.com\\\/?page_id=1318\",\"name\":\"Gases Refrigerantes - CORPORACI\u00d3N BEST INTERNACIONAL 2002, C.A.\",\"isPartOf\":{\"@id\":\"https:\\\/\\\/corpbest.com\\\/#website\"},\"primaryImageOfPage\":{\"@id\":\"https:\\\/\\\/corpbest.com\\\/?page_id=1318#primaryimage\"},\"image\":{\"@id\":\"https:\\\/\\\/corpbest.com\\\/?page_id=1318#primaryimage\"},\"thumbnailUrl\":\"https:\\\/\\\/corpbest.com\\\/wp-content\\\/uploads\\\/2022\\\/11\\\/R134A-removebg-preview.png\",\"datePublished\":\"2022-11-03T20:05:21+00:00\",\"dateModified\":\"2022-11-03T20:07:15+00:00\",\"breadcrumb\":{\"@id\":\"https:\\\/\\\/corpbest.com\\\/?page_id=1318#breadcrumb\"},\"inLanguage\":\"en-US\",\"potentialAction\":[{\"@type\":\"ReadAction\",\"target\":[\"https:\\\/\\\/corpbest.com\\\/?page_id=1318\"]}]},{\"@type\":\"ImageObject\",\"inLanguage\":\"en-US\",\"@id\":\"https:\\\/\\\/corpbest.com\\\/?page_id=1318#primaryimage\",\"url\":\"https:\\\/\\\/i0.wp.com\\\/corpbest.com\\\/wp-content\\\/uploads\\\/2022\\\/11\\\/R134A-removebg-preview.png?fit=198%2C335&ssl=1\",\"contentUrl\":\"https:\\\/\\\/i0.wp.com\\\/corpbest.com\\\/wp-content\\\/uploads\\\/2022\\\/11\\\/R134A-removebg-preview.png?fit=198%2C335&ssl=1\",\"width\":198,\"height\":335},{\"@type\":\"BreadcrumbList\",\"@id\":\"https:\\\/\\\/corpbest.com\\\/?page_id=1318#breadcrumb\",\"itemListElement\":[{\"@type\":\"ListItem\",\"position\":1,\"name\":\"Home\",\"item\":\"https:\\\/\\\/corpbest.com\\\/\"},{\"@type\":\"ListItem\",\"position\":2,\"name\":\"Gases Refrigerantes\"}]},{\"@type\":\"WebSite\",\"@id\":\"https:\\\/\\\/corpbest.com\\\/#website\",\"url\":\"https:\\\/\\\/corpbest.com\\\/\",\"name\":\"CORPORACI\u00d3N BEST INTERNACIONAL 2002, C.A.\",\"description\":\"\",\"publisher\":{\"@id\":\"https:\\\/\\\/corpbest.com\\\/#organization\"},\"potentialAction\":[{\"@type\":\"SearchAction\",\"target\":{\"@type\":\"EntryPoint\",\"urlTemplate\":\"https:\\\/\\\/corpbest.com\\\/?s={search_term_string}\"},\"query-input\":{\"@type\":\"PropertyValueSpecification\",\"valueRequired\":true,\"valueName\":\"search_term_string\"}}],\"inLanguage\":\"en-US\"},{\"@type\":\"Organization\",\"@id\":\"https:\\\/\\\/corpbest.com\\\/#organization\",\"name\":\"CORPORACI\u00d3N BEST INTERNACIONAL 2002, C.A.\",\"url\":\"https:\\\/\\\/corpbest.com\\\/\",\"logo\":{\"@type\":\"ImageObject\",\"inLanguage\":\"en-US\",\"@id\":\"https:\\\/\\\/corpbest.com\\\/#\\\/schema\\\/logo\\\/image\\\/\",\"url\":\"https:\\\/\\\/i0.wp.com\\\/corpbest.com\\\/wp-content\\\/uploads\\\/2022\\\/10\\\/Logo-con-RIF.png?fit=3904%2C1245&ssl=1\",\"contentUrl\":\"https:\\\/\\\/i0.wp.com\\\/corpbest.com\\\/wp-content\\\/uploads\\\/2022\\\/10\\\/Logo-con-RIF.png?fit=3904%2C1245&ssl=1\",\"width\":3904,\"height\":1245,\"caption\":\"CORPORACI\u00d3N BEST INTERNACIONAL 2002, C.A.\"},\"image\":{\"@id\":\"https:\\\/\\\/corpbest.com\\\/#\\\/schema\\\/logo\\\/image\\\/\"}}]}<\/script>\n<!-- \/ Yoast SEO plugin. -->","yoast_head_json":{"title":"Gases Refrigerantes - CORPORACI\u00d3N BEST INTERNACIONAL 2002, C.A.","robots":{"index":"index","follow":"follow","max-snippet":"max-snippet:-1","max-image-preview":"max-image-preview:large","max-video-preview":"max-video-preview:-1"},"canonical":"https:\/\/corpbest.com\/?page_id=1318","og_locale":"en_US","og_type":"article","og_title":"Gases Refrigerantes - CORPORACI\u00d3N BEST INTERNACIONAL 2002, C.A.","og_description":"R134a Refrigerante del Grupo (HFC). Se dise\u00f1\u00f3&nbsp;para reemplazar al R-12 y se utiliza en equipos de refrigeraci\u00f3n Dom\u00e9stica, Aire Acondicionado&nbsp;Automotriz y en Chillers del Sector Industrial en Temperatura (Alta). Lubricante recomendado por el fabricante Sint\u00e9tico&nbsp;POE R404A Refrigerante del Grupo (HFC) compuesto por mezclas de Refrigerantes (R-125, R-134a y R-143a). Se dise\u00f1\u00f3\u00a0para reemplazar al R-502 y se utiliza en equipos de Refrigeraci\u00f3n Comercial de Temperaturas (Media y Alta).\u00a0Lubricante recomendado por el fabricante Sint\u00e9tico\u00a0POE R410A Refrigerante del Grupo (HFC) compuesto por mezclas de Refrigerantes (R-32 y R-125). Se utiliza en equipos de Aires Acondicionados Residenciales, Comerciales e Industrial.&nbsp;Lubricante recomendado por el fabricante","og_url":"https:\/\/corpbest.com\/?page_id=1318","og_site_name":"CORPORACI\u00d3N BEST INTERNACIONAL 2002, C.A.","article_modified_time":"2022-11-03T20:07:15+00:00","og_image":[{"url":"https:\/\/corpbest.com\/wp-content\/uploads\/2022\/11\/R134A-removebg-preview.png","type":"","width":"","height":""}],"twitter_card":"summary_large_image","twitter_misc":{"Est. reading time":"2 minutes"},"schema":{"@context":"https:\/\/schema.org","@graph":[{"@type":"WebPage","@id":"https:\/\/corpbest.com\/?page_id=1318","url":"https:\/\/corpbest.com\/?page_id=1318","name":"Gases Refrigerantes - CORPORACI\u00d3N BEST INTERNACIONAL 2002, C.A.","isPartOf":{"@id":"https:\/\/corpbest.com\/#website"},"primaryImageOfPage":{"@id":"https:\/\/corpbest.com\/?page_id=1318#primaryimage"},"image":{"@id":"https:\/\/corpbest.com\/?page_id=1318#primaryimage"},"thumbnailUrl":"https:\/\/corpbest.com\/wp-content\/uploads\/2022\/11\/R134A-removebg-preview.png","datePublished":"2022-11-03T20:05:21+00:00","dateModified":"2022-11-03T20:07:15+00:00","breadcrumb":{"@id":"https:\/\/corpbest.com\/?page_id=1318#breadcrumb"},"inLanguage":"en-US","potentialAction":[{"@type":"ReadAction","target":["https:\/\/corpbest.com\/?page_id=1318"]}]},{"@type":"ImageObject","inLanguage":"en-US","@id":"https:\/\/corpbest.com\/?page_id=1318#primaryimage","url":"https:\/\/i0.wp.com\/corpbest.com\/wp-content\/uploads\/2022\/11\/R134A-removebg-preview.png?fit=198%2C335&ssl=1","contentUrl":"https:\/\/i0.wp.com\/corpbest.com\/wp-content\/uploads\/2022\/11\/R134A-removebg-preview.png?fit=198%2C335&ssl=1","width":198,"height":335},{"@type":"BreadcrumbList","@id":"https:\/\/corpbest.com\/?page_id=1318#breadcrumb","itemListElement":[{"@type":"ListItem","position":1,"name":"Home","item":"https:\/\/corpbest.com\/"},{"@type":"ListItem","position":2,"name":"Gases Refrigerantes"}]},{"@type":"WebSite","@id":"https:\/\/corpbest.com\/#website","url":"https:\/\/corpbest.com\/","name":"CORPORACI\u00d3N BEST INTERNACIONAL 2002, C.A.","description":"","publisher":{"@id":"https:\/\/corpbest.com\/#organization"},"potentialAction":[{"@type":"SearchAction","target":{"@type":"EntryPoint","urlTemplate":"https:\/\/corpbest.com\/?s={search_term_string}"},"query-input":{"@type":"PropertyValueSpecification","valueRequired":true,"valueName":"search_term_string"}}],"inLanguage":"en-US"},{"@type":"Organization","@id":"https:\/\/corpbest.com\/#organization","name":"CORPORACI\u00d3N BEST INTERNACIONAL 2002, C.A.","url":"https:\/\/corpbest.com\/","logo":{"@type":"ImageObject","inLanguage":"en-US","@id":"https:\/\/corpbest.com\/#\/schema\/logo\/image\/","url":"https:\/\/i0.wp.com\/corpbest.com\/wp-content\/uploads\/2022\/10\/Logo-con-RIF.png?fit=3904%2C1245&ssl=1","contentUrl":"https:\/\/i0.wp.com\/corpbest.com\/wp-content\/uploads\/2022\/10\/Logo-con-RIF.png?fit=3904%2C1245&ssl=1","width":3904,"height":1245,"caption":"CORPORACI\u00d3N BEST INTERNACIONAL 2002, C.A."},"image":{"@id":"https:\/\/corpbest.com\/#\/schema\/logo\/image\/"}}]}},"tpgb_featured_images":null,"tpgb_post_meta_info":{"get_date":"November 3, 2022","get_modified_date":"November 3, 2022","author_name":"mederosy","author_url":"https:\/\/corpbest.com\/?author=1","author_email":"mederosy@gmail.com","author_website":"","author_description":"","author_facebook":"","author_twitter":"","author_instagram":"","author_role":["administrator"],"author_firstname":"","author_lastname":"","user_login":"mederosy","author_avatar":"<img alt='' src='https:\/\/secure.gravatar.com\/avatar\/4415bbafcb7ef782795c7473f258df90aebdae3923143af041180066fa38b97e?s=200&#038;d=mm&#038;r=g' srcset='https:\/\/secure.gravatar.com\/avatar\/4415bbafcb7ef782795c7473f258df90aebdae3923143af041180066fa38b97e?s=400&#038;d=mm&#038;r=g 2x' class='avatar avatar-200 photo' height='200' width='200' decoding='async'\/>","author_avatar_url":"https:\/\/secure.gravatar.com\/avatar\/4415bbafcb7ef782795c7473f258df90aebdae3923143af041180066fa38b97e?s=96&d=mm&r=g","comment_count":0,"post_likes":0,"post_views":0},"tpgb_post_category":[],"jetpack_sharing_enabled":true,"_links":{"self":[{"href":"https:\/\/corpbest.com\/index.php?rest_route=\/wp\/v2\/pages\/1318","targetHints":{"allow":["GET"]}}],"collection":[{"href":"https:\/\/corpbest.com\/index.php?rest_route=\/wp\/v2\/pages"}],"about":[{"href":"https:\/\/corpbest.com\/index.php?rest_route=\/wp\/v2\/types\/page"}],"author":[{"embeddable":true,"href":"https:\/\/corpbest.com\/index.php?rest_route=\/wp\/v2\/users\/1"}],"replies":[{"embeddable":true,"href":"https:\/\/corpbest.com\/index.php?rest_route=%2Fwp%2Fv2%2Fcomments&post=1318"}],"version-history":[{"count":6,"href":"https:\/\/corpbest.com\/index.php?rest_route=\/wp\/v2\/pages\/1318\/revisions"}],"predecessor-version":[{"id":1341,"href":"https:\/\/corpbest.com\/index.php?rest_route=\/wp\/v2\/pages\/1318\/revisions\/1341"}],"wp:attachment":[{"href":"https:\/\/corpbest.com\/index.php?rest_route=%2Fwp%2Fv2%2Fmedia&parent=1318"}],"curies":[{"name":"wp","href":"https:\/\/api.w.org\/{rel}","templated":true}]}}