{"id":3,"date":"2021-10-08T18:09:00","date_gmt":"2021-10-08T18:09:00","guid":{"rendered":"http:\/\/box5165\/cgi\/addon_GT.cgi?s=GT::WP::Install::EIG+%28corpbest%29+-+10.24.48.81+%5BWordpress%3b+\/var\/hp\/common\/lib\/Wordpress.pm%3b+543%3b+Hosting::gap_call%5D\/?page_id=3"},"modified":"2022-11-07T19:31:16","modified_gmt":"2022-11-07T19:31:16","slug":"privacy-policy","status":"publish","type":"page","link":"https:\/\/corpbest.com\/?page_id=3","title":{"rendered":"Politicas de Privacidad"},"content":{"rendered":"\n<p><\/p>\n\n\n\n<p>Corporacion Best Internacional 2002, C.A respeta la privacidad de los visitantes de su sitio web<\/p>\n\n\n\n<p>Corporacion Best Internacional 2002, C.A &#8211; Pol\u00edtica de privacidad \u00daltima actualizaci\u00f3n: Septiembre de 2022<\/p>\n\n\n\n<p>Corporacion Best Internacional 2002, C.A &nbsp;&#8220;Corpbest&#8221; respeta la privacidad de los visitantes de nuestro sitio web. Creemos que es importante que todos los visitantes comprendan la informaci\u00f3n personal que podemos recopilar sobre usted y c\u00f3mo se utiliza.<\/p>\n\n\n\n<p>Corpbest act\u00faa como el &#8220;controlador&#8221; de sus datos personales y determina el prop\u00f3sito y los medios de procesamiento de sus datos personales. El aviso de privacidad le explica esos prop\u00f3sitos y medios, as\u00ed como las opciones que tiene sobre la recopilaci\u00f3n y el uso de sus datos. Es posible que cambiemos esta pol\u00edtica de privacidad de vez en cuando. Publicaremos cualquier versi\u00f3n revisada de esta pol\u00edtica de privacidad en el sitio web.<\/p>\n\n\n\n<p>Recopilaci\u00f3n de sus datos personales<\/p>\n\n\n\n<p>Corpbest recopila la informaci\u00f3n que elige compartir con nosotros, as\u00ed como la informaci\u00f3n que nos env\u00eda su navegador, incluso mediante el uso de cookies. Solo recopilamos y usamos sus datos personales con su consentimiento. Tiene derecho a cambiar, retirar o negar su consentimiento.<\/p>\n\n\n\n<p>Informaci\u00f3n que proporcionas<\/p>\n\n\n\n<p>Corpbest no recopilar\u00e1 ning\u00fan dato personal directamente de usted (por ejemplo, su nombre, fecha de nacimiento, direcci\u00f3n, n\u00fameros de tel\u00e9fono, direcci\u00f3n de correo electr\u00f3nico, ocupaci\u00f3n o similares) a menos que nos los proporcione voluntariamente a trav\u00e9s de una solicitud de informaci\u00f3n que usted inicie. Recopilamos esta informaci\u00f3n para brindarle los servicios que solicita<\/p>\n\n\n\n<p>Informaci\u00f3n proporcionada por su navegador<\/p>\n\n\n\n<p>Corpbest recopila informaci\u00f3n de su navegador. Cuando accede al sitio web de Corpbest, recopilamos su direcci\u00f3n IP, que se considera informaci\u00f3n personal en algunas jurisdicciones. Tambi\u00e9n recopilamos datos agregados y an\u00f3nimos de su navegador, incluido su tipo de navegador, proveedor de servicios de Internet, p\u00e1ginas de referencia \/ salida, datos de visitas al sitio, n\u00famero de clics, sello de fecha \/ hora y otra informaci\u00f3n similar. Esta informaci\u00f3n no se puede utilizar para identificarlo a usted ni a sus actividades individuales en nuestro sitio web y no son datos personales. Dicha informaci\u00f3n incluye. Recopilamos esta informaci\u00f3n con el fin de personalizar su experiencia en nuestro sitio web al orientar el contenido web a su ubicaci\u00f3n y necesidades o para administrar mejor el sitio web y mejorar la experiencia del usuario de nuestro sitio web. Antes de recopilar esta informaci\u00f3n, le pediremos su consentimiento.<\/p>\n\n\n\n<p>Informaci\u00f3n proporcionada por las cookies<\/p>\n\n\n\n<p>Cuando visita nuestro sitio web, recopilamos informaci\u00f3n no personal sobre su uso del sitio web mediante el uso de cookies. Las &#8220;cookies&#8221; son peque\u00f1os archivos que su navegador coloca en su computadora y, a menudo, se utilizan para hacer que los sitios web funcionen, as\u00ed como para proporcionar informaci\u00f3n al operador del sitio web. Colocamos cookies en todos los discos duros de los visitantes del sitio web para recopilar informaci\u00f3n sobre el n\u00famero de visitantes a nuestro sitio y el n\u00famero de p\u00e1ginas visto. La informaci\u00f3n de las cookies se utiliza para analizar las visitas al sitio web para que podamos personalizar su contenido web, brind\u00e1ndole informaci\u00f3n relevante para usted. Tambi\u00e9n se utiliza para la administraci\u00f3n de sitios web y sistemas, incluida la investigaci\u00f3n y el desarrollo, el an\u00e1lisis de usuarios y la toma de decisiones comerciales.<\/p>\n\n\n\n<p>Utilizamos diferentes tipos de cookies para recopilar esta informaci\u00f3n:<\/p>\n\n\n\n<p>Cookies de sesi\u00f3n: son cookies temporales que se eliminan cuando cierra su navegador web. Estas cookies nos permiten proporcionar ciertos controles web y funciones del sitio web, como la b\u00fasqueda de sitios y productos. Tambi\u00e9n utilizamos estas cookies para rastrear su direcci\u00f3n IP para mapear su ubicaci\u00f3n geogr\u00e1fica e idioma preferido.<\/p>\n\n\n\n<p>Cookies permanentes: son cookies que se colocan en su computadora y permiten que Corpbest lo recuerde a usted y sus preferencias cuando regrese a nuestro sitio web. Usamos estas cookies para rastrear su direcci\u00f3n IP y recordar su ubicaci\u00f3n geogr\u00e1fica e idioma preferido para que no tenga que proporcionar esta informaci\u00f3n en cada visita de regreso.<\/p>\n\n\n\n<p>Tiene la capacidad de aceptar o rechazar cookies modificando su navegador. Si elige que su navegador no acepte cookies del sitio web de Corpbest, no experimentar\u00e1 una visita personalizada ni podr\u00e1 suscribirse a los servicios ofrecidos en el sitio. Para obtener m\u00e1s informaci\u00f3n sobre la informaci\u00f3n recopilada por las cookies en nuestro sitio web, haga clic aqu\u00ed.<\/p>\n\n\n\n<p>Uso de sus datos personales<\/p>\n\n\n\n<p>La forma en que Corpbest use su informaci\u00f3n depender\u00e1 de los servicios que est\u00e9 utilizando y de los permisos que nos haya otorgado. Cuando haya dado su consentimiento para el uso de sus datos, usaremos su informaci\u00f3n para proporcionar los servicios solicitados y usted tiene la capacidad de retirar su consentimiento en cualquier momento. Tambi\u00e9n utilizamos sus datos personales para ayudarnos a mejorar el dise\u00f1o, la funcionalidad y el contenido de nuestro sitio web.<\/p>\n\n\n\n<p>Servicios que solicita: cuando se comunique con nosotros, recopilaremos su informaci\u00f3n personal para enviarle la informaci\u00f3n que ha solicitado. Si inici\u00f3 un correo electr\u00f3nico a uno de nuestros distribuidores o mayoristas a trav\u00e9s del sitio web de Corpbest, le proporcionaremos una ventana emergente para iniciar su cliente de correo electr\u00f3nico. Sin embargo, Corpbest no recopila su direcci\u00f3n de correo electr\u00f3nico ni el contenido de su comunicaci\u00f3n con nuestro mayorista o distribuidor. Cuando inicia dichas comunicaciones, elige revelar su direcci\u00f3n de correo electr\u00f3nico y cualquier otra informaci\u00f3n que elija compartir con nuestros distribuidores y mayoristas.<\/p>\n\n\n\n<p>Mejorar la experiencia del usuario: Corpbest utiliza la informaci\u00f3n proporcionada por su navegador y las cookies para personalizar su experiencia en nuestro sitio web. Tambi\u00e9n utilizamos esta informaci\u00f3n para ayudarnos a mejorar el sitio web mediante el seguimiento de tendencias y estad\u00edsticas sobre el uso de nuestro sitio web.<\/p>\n\n\n\n<p>Divulgaci\u00f3n de sus datos personales<\/p>\n\n\n\n<p>Compartimos sus datos personales con su consentimiento o cuando es necesario para brindar un servicio o completar una transacci\u00f3n que solicit\u00f3. Tambi\u00e9n compartimos sus datos con proveedores de servicios que hemos contratado para respaldar nuestro sitio web, como alojamiento de sitios web, an\u00e1lisis y servicios de administraci\u00f3n y servicios de b\u00fasqueda de IP.<\/p>\n\n\n\n<p>Compartimos sus datos agregados y an\u00f3nimos con Google Analytics para comprender los patrones de uso en nuestro sitio web y mejorar la experiencia del usuario. Como estos datos son an\u00f3nimos, no se pueden rastrear hasta usted o su uso individual de nuestro sitio web. Cuando visita nuestro sitio, tambi\u00e9n utilizamos un tercero para hacer coincidir su direcci\u00f3n IP con el pa\u00eds desde el que accede a nuestro sitio web. Usamos esta informaci\u00f3n para adaptar nuestro contenido, incluidas las selecciones de idioma, al pa\u00eds desde donde visita nuestro sitio. Usted da su consentimiento para el uso de su direcci\u00f3n IP con fines de comparaci\u00f3n de IP cuando visita nuestro sitio web por primera vez, y cambia o retira su consentimiento en cualquier momento.<\/p>\n\n\n\n<p>Corpbest puede divulgar sus datos personales cuando lo consideremos apropiado para cumplir con los requisitos legales o las solicitudes de aplicaci\u00f3n de la ley, para hacer cumplir las pol\u00edticas de nuestro sitio o para proteger nuestros derechos, propiedad o seguridad, y \/ o los derechos, propiedad o seguridad de otros.<\/p>\n\n\n\n<p>Nos reservamos el derecho de transferir sus datos personales en caso de que vendamos o transfiramos la totalidad o una parte de nuestro negocio o sus activos. En tal caso, sus datos personales seguir\u00e1n protegidos por este aviso de privacidad.<\/p>\n\n\n\n<p>Opciones y derechos sobre sus datos personales<\/p>\n\n\n\n<p>Tiene la capacidad de rechazar o retirar su consentimiento a nuestras actividades de procesamiento de datos en cualquier momento. Tambi\u00e9n tiene derechos sobre sus datos personales. Si lo solicita, le proporcionaremos una descripci\u00f3n de la informaci\u00f3n que mantenemos sobre usted. Acomodaremos todas las solicitudes razonables para corregir, modificar o eliminar informaci\u00f3n que sea inexacta, as\u00ed como todas las objeciones, limitaciones o restricciones razonables sobre el uso de todos o algunos de sus datos personales. Comun\u00edquese con nosotros utilizando la informaci\u00f3n de contacto del Oficial de privacidad que se proporciona a continuaci\u00f3n:<\/p>\n\n\n\n<p>Corporacion Best Internacional 2002, C.A<\/p>\n\n\n\n<p>Av. Francisco de Miranda Centro Plaza<\/p>\n\n\n\n<p>Torre C Ofc Corpbest. Caracas C.P.1060<\/p>\n\n\n\n<p>Venezuela<\/p>\n\n\n\n<p>Atenci\u00f3n: Oficial de privacidad<\/p>\n\n\n\n<p>Correo electr\u00f3nico: info@corpbest.com<\/p>\n\n\n\n<p>Transferencias de datos transfronterizas<\/p>\n\n\n\n<p>Procesamos datos tanto dentro como fuera de los Estados Unidos. Como parte de este procesamiento, sus datos personales pueden ser transferidos a un pa\u00eds fuera de la Uni\u00f3n Europea y el Espacio Econ\u00f3mico Europeo. Es importante tener en cuenta que las leyes de protecci\u00f3n de datos en los Estados Unidos pueden ser diferentes, y potencialmente no tan protectoras, como las leyes de su pa\u00eds.<\/p>\n\n\n\n<p>Seguridad de sus datos personales<\/p>\n\n\n\n<p>Corpbest toma medidas razonables, utilizando tecnolog\u00eda de seguridad est\u00e1ndar de la industria, para proteger sus datos personales. Hemos implementado procedimientos f\u00edsicos, electr\u00f3nicos y administrativos apropiados para salvaguardar y asegurar la informaci\u00f3n contra p\u00e9rdida, mal uso, acceso no autorizado o divulgaci\u00f3n, alteraci\u00f3n o destrucci\u00f3n.<\/p>\n\n\n\n<p>Integridad de sus datos personales<\/p>\n\n\n\n<p>Corpbest procesa sus datos personales de manera compatible y relevante para el prop\u00f3sito para el que fueron recopilados. Tomamos medidas razonables para garantizar que dicha informaci\u00f3n sea precisa, completa, actual y confiable para el uso previsto.<\/p>\n\n\n\n<p>Protecci\u00f3n de los datos personales de los ni\u00f1os<\/p>\n\n\n\n<p>El sitio web es un sitio de audiencia general y Corpbest no recopila a sabiendas ninguna informaci\u00f3n de identificaci\u00f3n personal de ni\u00f1os.<\/p>\n\n\n\n<p>Cont\u00e1ctanos<\/p>\n\n\n\n<p>Agradecemos sus preguntas o comentarios sobre esta pol\u00edtica de privacidad. Comun\u00edquese con nuestro Oficial de Privacidad por correo, correo electr\u00f3nico o fax utilizando la informaci\u00f3n de contacto a continuaci\u00f3n. Consulte &#8220;Privacidad de Corpbest&#8221; en el asunto de su comunicaci\u00f3n.<\/p>\n\n\n\n<p>Corporacion Best Internacional 2002, C.A<\/p>\n\n\n\n<p>Av. Francisco de Miranda Centro Plaza  <br>Torre C Ofc Corpbest. Caracas C.P.1060 Venezuela<br>Telf: +58 212-285.91.23<\/p>\n\n\n\n<p>Atenci\u00f3n: Oficial de privacidad<br>Correo electr\u00f3nico: info@corpbest.com<\/p>\n","protected":false},"excerpt":{"rendered":"<p>Corporacion Best Internacional 2002, C.A respeta la privacidad de los visitantes de su sitio web Corporacion Best Internacional 2002, C.A &#8211; Pol\u00edtica de privacidad \u00daltima actualizaci\u00f3n: Septiembre de 2022 Corporacion Best Internacional 2002, C.A &nbsp;&#8220;Corpbest&#8221; respeta la privacidad de los visitantes de nuestro sitio web. Creemos que es importante que todos los visitantes comprendan la informaci\u00f3n personal que podemos recopilar sobre usted y c\u00f3mo se utiliza. Corpbest act\u00faa como el &#8220;controlador&#8221; de sus datos personales y determina el prop\u00f3sito y los medios de procesamiento de sus datos personales. El aviso de privacidad le explica esos prop\u00f3sitos y medios, as\u00ed como<\/p>\n","protected":false},"author":1,"featured_media":0,"parent":0,"menu_order":0,"comment_status":"closed","ping_status":"closed","template":"","meta":{"tpgb_global_settings":"","nf_dc_page":"","om_disable_all_campaigns":false,"_monsterinsights_skip_tracking":false,"_monsterinsights_sitenote_active":false,"_monsterinsights_sitenote_note":"","_monsterinsights_sitenote_category":0,"footnotes":""},"class_list":["post-3","page","type-page","status-publish","hentry"],"aioseo_notices":[],"yoast_head":"<!-- This site is optimized with the Yoast SEO plugin v27.5 - https:\/\/yoast.com\/product\/yoast-seo-wordpress\/ -->\n<title>Politicas de Privacidad - CORPORACI\u00d3N BEST INTERNACIONAL 2002, C.A.<\/title>\n<meta name=\"robots\" content=\"index, follow, max-snippet:-1, max-image-preview:large, max-video-preview:-1\" \/>\n<link rel=\"canonical\" href=\"https:\/\/corpbest.com\/?page_id=3\" \/>\n<meta property=\"og:locale\" content=\"en_US\" \/>\n<meta property=\"og:type\" content=\"article\" \/>\n<meta property=\"og:title\" content=\"Politicas de Privacidad - CORPORACI\u00d3N BEST INTERNACIONAL 2002, C.A.\" \/>\n<meta property=\"og:description\" content=\"Corporacion Best Internacional 2002, C.A respeta la privacidad de los visitantes de su sitio web Corporacion Best Internacional 2002, C.A &#8211; Pol\u00edtica de privacidad \u00daltima actualizaci\u00f3n: Septiembre de 2022 Corporacion Best Internacional 2002, C.A &nbsp;&#8220;Corpbest&#8221; respeta la privacidad de los visitantes de nuestro sitio web. Creemos que es importante que todos los visitantes comprendan la informaci\u00f3n personal que podemos recopilar sobre usted y c\u00f3mo se utiliza. Corpbest act\u00faa como el &#8220;controlador&#8221; de sus datos personales y determina el prop\u00f3sito y los medios de procesamiento de sus datos personales. El aviso de privacidad le explica esos prop\u00f3sitos y medios, as\u00ed como\" \/>\n<meta property=\"og:url\" content=\"https:\/\/corpbest.com\/?page_id=3\" \/>\n<meta property=\"og:site_name\" content=\"CORPORACI\u00d3N BEST INTERNACIONAL 2002, C.A.\" \/>\n<meta property=\"article:modified_time\" content=\"2022-11-07T19:31:16+00:00\" \/>\n<meta name=\"twitter:card\" content=\"summary_large_image\" \/>\n<meta name=\"twitter:label1\" content=\"Est. reading time\" \/>\n\t<meta name=\"twitter:data1\" content=\"7 minutes\" \/>\n<script type=\"application\/ld+json\" class=\"yoast-schema-graph\">{\"@context\":\"https:\\\/\\\/schema.org\",\"@graph\":[{\"@type\":\"WebPage\",\"@id\":\"https:\\\/\\\/corpbest.com\\\/?page_id=3\",\"url\":\"https:\\\/\\\/corpbest.com\\\/?page_id=3\",\"name\":\"Politicas de Privacidad - CORPORACI\u00d3N BEST INTERNACIONAL 2002, C.A.\",\"isPartOf\":{\"@id\":\"https:\\\/\\\/corpbest.com\\\/#website\"},\"datePublished\":\"2021-10-08T18:09:00+00:00\",\"dateModified\":\"2022-11-07T19:31:16+00:00\",\"breadcrumb\":{\"@id\":\"https:\\\/\\\/corpbest.com\\\/?page_id=3#breadcrumb\"},\"inLanguage\":\"en-US\",\"potentialAction\":[{\"@type\":\"ReadAction\",\"target\":[\"https:\\\/\\\/corpbest.com\\\/?page_id=3\"]}]},{\"@type\":\"BreadcrumbList\",\"@id\":\"https:\\\/\\\/corpbest.com\\\/?page_id=3#breadcrumb\",\"itemListElement\":[{\"@type\":\"ListItem\",\"position\":1,\"name\":\"Home\",\"item\":\"https:\\\/\\\/corpbest.com\\\/\"},{\"@type\":\"ListItem\",\"position\":2,\"name\":\"Politicas de Privacidad\"}]},{\"@type\":\"WebSite\",\"@id\":\"https:\\\/\\\/corpbest.com\\\/#website\",\"url\":\"https:\\\/\\\/corpbest.com\\\/\",\"name\":\"CORPORACI\u00d3N BEST INTERNACIONAL 2002, C.A.\",\"description\":\"\",\"publisher\":{\"@id\":\"https:\\\/\\\/corpbest.com\\\/#organization\"},\"potentialAction\":[{\"@type\":\"SearchAction\",\"target\":{\"@type\":\"EntryPoint\",\"urlTemplate\":\"https:\\\/\\\/corpbest.com\\\/?s={search_term_string}\"},\"query-input\":{\"@type\":\"PropertyValueSpecification\",\"valueRequired\":true,\"valueName\":\"search_term_string\"}}],\"inLanguage\":\"en-US\"},{\"@type\":\"Organization\",\"@id\":\"https:\\\/\\\/corpbest.com\\\/#organization\",\"name\":\"CORPORACI\u00d3N BEST INTERNACIONAL 2002, C.A.\",\"url\":\"https:\\\/\\\/corpbest.com\\\/\",\"logo\":{\"@type\":\"ImageObject\",\"inLanguage\":\"en-US\",\"@id\":\"https:\\\/\\\/corpbest.com\\\/#\\\/schema\\\/logo\\\/image\\\/\",\"url\":\"https:\\\/\\\/i0.wp.com\\\/corpbest.com\\\/wp-content\\\/uploads\\\/2022\\\/10\\\/Logo-con-RIF.png?fit=3904%2C1245&ssl=1\",\"contentUrl\":\"https:\\\/\\\/i0.wp.com\\\/corpbest.com\\\/wp-content\\\/uploads\\\/2022\\\/10\\\/Logo-con-RIF.png?fit=3904%2C1245&ssl=1\",\"width\":3904,\"height\":1245,\"caption\":\"CORPORACI\u00d3N BEST INTERNACIONAL 2002, C.A.\"},\"image\":{\"@id\":\"https:\\\/\\\/corpbest.com\\\/#\\\/schema\\\/logo\\\/image\\\/\"}}]}<\/script>\n<!-- \/ Yoast SEO plugin. -->","yoast_head_json":{"title":"Politicas de Privacidad - CORPORACI\u00d3N BEST INTERNACIONAL 2002, C.A.","robots":{"index":"index","follow":"follow","max-snippet":"max-snippet:-1","max-image-preview":"max-image-preview:large","max-video-preview":"max-video-preview:-1"},"canonical":"https:\/\/corpbest.com\/?page_id=3","og_locale":"en_US","og_type":"article","og_title":"Politicas de Privacidad - CORPORACI\u00d3N BEST INTERNACIONAL 2002, C.A.","og_description":"Corporacion Best Internacional 2002, C.A respeta la privacidad de los visitantes de su sitio web Corporacion Best Internacional 2002, C.A &#8211; Pol\u00edtica de privacidad \u00daltima actualizaci\u00f3n: Septiembre de 2022 Corporacion Best Internacional 2002, C.A &nbsp;&#8220;Corpbest&#8221; respeta la privacidad de los visitantes de nuestro sitio web. Creemos que es importante que todos los visitantes comprendan la informaci\u00f3n personal que podemos recopilar sobre usted y c\u00f3mo se utiliza. Corpbest act\u00faa como el &#8220;controlador&#8221; de sus datos personales y determina el prop\u00f3sito y los medios de procesamiento de sus datos personales. El aviso de privacidad le explica esos prop\u00f3sitos y medios, as\u00ed como","og_url":"https:\/\/corpbest.com\/?page_id=3","og_site_name":"CORPORACI\u00d3N BEST INTERNACIONAL 2002, C.A.","article_modified_time":"2022-11-07T19:31:16+00:00","twitter_card":"summary_large_image","twitter_misc":{"Est. reading time":"7 minutes"},"schema":{"@context":"https:\/\/schema.org","@graph":[{"@type":"WebPage","@id":"https:\/\/corpbest.com\/?page_id=3","url":"https:\/\/corpbest.com\/?page_id=3","name":"Politicas de Privacidad - CORPORACI\u00d3N BEST INTERNACIONAL 2002, C.A.","isPartOf":{"@id":"https:\/\/corpbest.com\/#website"},"datePublished":"2021-10-08T18:09:00+00:00","dateModified":"2022-11-07T19:31:16+00:00","breadcrumb":{"@id":"https:\/\/corpbest.com\/?page_id=3#breadcrumb"},"inLanguage":"en-US","potentialAction":[{"@type":"ReadAction","target":["https:\/\/corpbest.com\/?page_id=3"]}]},{"@type":"BreadcrumbList","@id":"https:\/\/corpbest.com\/?page_id=3#breadcrumb","itemListElement":[{"@type":"ListItem","position":1,"name":"Home","item":"https:\/\/corpbest.com\/"},{"@type":"ListItem","position":2,"name":"Politicas de Privacidad"}]},{"@type":"WebSite","@id":"https:\/\/corpbest.com\/#website","url":"https:\/\/corpbest.com\/","name":"CORPORACI\u00d3N BEST INTERNACIONAL 2002, C.A.","description":"","publisher":{"@id":"https:\/\/corpbest.com\/#organization"},"potentialAction":[{"@type":"SearchAction","target":{"@type":"EntryPoint","urlTemplate":"https:\/\/corpbest.com\/?s={search_term_string}"},"query-input":{"@type":"PropertyValueSpecification","valueRequired":true,"valueName":"search_term_string"}}],"inLanguage":"en-US"},{"@type":"Organization","@id":"https:\/\/corpbest.com\/#organization","name":"CORPORACI\u00d3N BEST INTERNACIONAL 2002, C.A.","url":"https:\/\/corpbest.com\/","logo":{"@type":"ImageObject","inLanguage":"en-US","@id":"https:\/\/corpbest.com\/#\/schema\/logo\/image\/","url":"https:\/\/i0.wp.com\/corpbest.com\/wp-content\/uploads\/2022\/10\/Logo-con-RIF.png?fit=3904%2C1245&ssl=1","contentUrl":"https:\/\/i0.wp.com\/corpbest.com\/wp-content\/uploads\/2022\/10\/Logo-con-RIF.png?fit=3904%2C1245&ssl=1","width":3904,"height":1245,"caption":"CORPORACI\u00d3N BEST INTERNACIONAL 2002, C.A."},"image":{"@id":"https:\/\/corpbest.com\/#\/schema\/logo\/image\/"}}]}},"tpgb_featured_images":null,"tpgb_post_meta_info":{"get_date":"October 8, 2021","get_modified_date":"November 7, 2022","author_name":"mederosy","author_url":"https:\/\/corpbest.com\/?author=1","author_email":"mederosy@gmail.com","author_website":"","author_description":"","author_facebook":"","author_twitter":"","author_instagram":"","author_role":["administrator"],"author_firstname":"","author_lastname":"","user_login":"mederosy","author_avatar":"<img alt='' src='https:\/\/secure.gravatar.com\/avatar\/4415bbafcb7ef782795c7473f258df90aebdae3923143af041180066fa38b97e?s=200&#038;d=mm&#038;r=g' srcset='https:\/\/secure.gravatar.com\/avatar\/4415bbafcb7ef782795c7473f258df90aebdae3923143af041180066fa38b97e?s=400&#038;d=mm&#038;r=g 2x' class='avatar avatar-200 photo' height='200' width='200' decoding='async'\/>","author_avatar_url":"https:\/\/secure.gravatar.com\/avatar\/4415bbafcb7ef782795c7473f258df90aebdae3923143af041180066fa38b97e?s=96&d=mm&r=g","comment_count":0,"post_likes":0,"post_views":0},"tpgb_post_category":[],"jetpack_sharing_enabled":true,"_links":{"self":[{"href":"https:\/\/corpbest.com\/index.php?rest_route=\/wp\/v2\/pages\/3","targetHints":{"allow":["GET"]}}],"collection":[{"href":"https:\/\/corpbest.com\/index.php?rest_route=\/wp\/v2\/pages"}],"about":[{"href":"https:\/\/corpbest.com\/index.php?rest_route=\/wp\/v2\/types\/page"}],"author":[{"embeddable":true,"href":"https:\/\/corpbest.com\/index.php?rest_route=\/wp\/v2\/users\/1"}],"replies":[{"embeddable":true,"href":"https:\/\/corpbest.com\/index.php?rest_route=%2Fwp%2Fv2%2Fcomments&post=3"}],"version-history":[{"count":5,"href":"https:\/\/corpbest.com\/index.php?rest_route=\/wp\/v2\/pages\/3\/revisions"}],"predecessor-version":[{"id":1417,"href":"https:\/\/corpbest.com\/index.php?rest_route=\/wp\/v2\/pages\/3\/revisions\/1417"}],"wp:attachment":[{"href":"https:\/\/corpbest.com\/index.php?rest_route=%2Fwp%2Fv2%2Fmedia&parent=3"}],"curies":[{"name":"wp","href":"https:\/\/api.w.org\/{rel}","templated":true}]}}