{"id":821,"date":"2022-10-28T18:24:22","date_gmt":"2022-10-28T18:24:22","guid":{"rendered":"https:\/\/corpbest.com\/?page_id=821"},"modified":"2022-11-03T13:36:44","modified_gmt":"2022-11-03T13:36:44","slug":"compresores-tecumseh-do-brasil-usa","status":"publish","type":"page","link":"https:\/\/corpbest.com\/?page_id=821","title":{"rendered":"Unidad Condensadora Tecumseh Do Brasil"},"content":{"rendered":"\n<div class=\"wp-block-columns is-layout-flex wp-container-core-columns-is-layout-28f84493 wp-block-columns-is-layout-flex\">\n<div class=\"wp-block-column is-layout-flow wp-block-column-is-layout-flow\" style=\"flex-basis:500px\">\n<figure class=\"wp-block-image alignleft size-full is-resized\"><img data-recalc-dims=\"1\" decoding=\"async\" src=\"https:\/\/i0.wp.com\/corpbest.com\/wp-content\/uploads\/2022\/10\/Logo-Tecumseh2.jpg?resize=228%2C63&#038;ssl=1\" alt=\"\" class=\"wp-image-823\" width=\"228\" height=\"63\" srcset=\"https:\/\/i0.wp.com\/corpbest.com\/wp-content\/uploads\/2022\/10\/Logo-Tecumseh2.jpg?w=593&amp;ssl=1 593w, https:\/\/i0.wp.com\/corpbest.com\/wp-content\/uploads\/2022\/10\/Logo-Tecumseh2.jpg?resize=300%2C84&amp;ssl=1 300w\" sizes=\"(max-width: 228px) 100vw, 228px\" \/><\/figure>\n<\/div>\n\n\n\n<div class=\"wp-block-column is-layout-flow wp-block-column-is-layout-flow\"><\/div>\n<\/div>\n\n\n\n<div class=\"wp-block-columns is-style-customboxshadow is-layout-flex wp-container-core-columns-is-layout-b2dcead3 wp-block-columns-is-layout-flex\" style=\"border-style:none;border-width:0px;border-radius:0px;padding-top:7px;padding-right:7px;padding-bottom:7px;padding-left:7px\">\n<div class=\"wp-block-column is-vertically-aligned-center is-layout-flow wp-block-column-is-layout-flow\" style=\"padding-top:7px;padding-right:7px;padding-bottom:7px;padding-left:7px\"><div class=\"wp-block-wptb-table-block\"><div class=\"wptb-container-legacy\" data-table-id=\"995\">\n    <table class=\"wptb-preview-table wptb-element-main-table_setting-951 edit-active\" data-reconstraction=\"1\" style=\"border: 1px solid rgb(1, 10, 142);\" data-wptb-table-tds-sum-max-width=\"297.993118\" data-wptb-cells-width-auto-count=\"1\" data-wptb-horizontal-scroll-status=\"false\" data-wptb-extra-styles=\"LyogRW50ZXIgeW91ciBjdXN0b20gQ1NTIHJ1bGVzIGhlcmUgKi8=\" role=\"table\" data-wptb-apply-table-container-max-width=\"1\" data-wptb-table-container-max-width=\"977\" data-wptb-td-width-auto=\"43\" data-table-columns=\"2\" data-wptb-header-background-color=\"#FFFFFFFF\" data-wptb-even-row-background-color=\"#FFFFFFFF\" data-wptb-odd-row-background-color=\"#FFFFFFFF\" data-wptb-table-alignment=\"center\"><tbody><tr class=\"wptb-row\" style=\"background-color: rgb(255, 255, 255);\"><td class=\"wptb-cell\" data-y-index=\"0\" data-x-index=\"0\" style=\"border: 1px solid rgb(1, 10, 142); padding: 20px; width: 172px;\"><div class=\"wptb-image-container wptb-ph-element wptb-element-image-1\" data-wptb-image-alignment=\"center\"><div class=\"wptb-image-wrapper\">            <a style=\"display: block; width: 91%;\" class=\"\">                                <img data-recalc-dims=\"1\" decoding=\"async\" class=\"wptb-image-element-target\" height=\"463\" width=\"500\" src=\"https:\/\/i0.wp.com\/corpbest.com\/wp-content\/uploads\/2022\/11\/0603-010.png?resize=500%2C463\" style=\"width: 100%;\">            <\/a>        <\/div><\/div><\/td><td class=\"wptb-cell\" data-y-index=\"0\" data-x-index=\"1\" style=\"border: 1px solid rgb(1, 10, 142); padding: 20px;\" data-wptb-css-td-auto-width=\"true\"><div class=\"wptb-text-container wptb-ph-element wptb-element-text-208\" style=\"color: rgb(74, 85, 104); font-size: 14px;\"><div class=\"\" style=\"position: relative;\"><p>UNIDAD CONDENSADORA 1\/2HP M\/ALTA R134a -15 +15\u00b0C 110V 60HZ. TDB<\/p><\/div><\/div><\/td><\/tr><tr class=\"wptb-row\" style=\"background-color: rgb(255, 255, 255);\"><td class=\"wptb-cell\" data-y-index=\"1\" data-x-index=\"0\" style=\"border: 1px solid rgb(1, 10, 142); padding: 20px; width: 172px;\"><div class=\"wptb-image-container wptb-ph-element wptb-element-image-2\" data-wptb-image-alignment=\"center\"><div class=\"wptb-image-wrapper\">            <a style=\"display: block; width: 94%;\" class=\"\">                                <img data-recalc-dims=\"1\" decoding=\"async\" class=\"wptb-image-element-target\" height=\"152\" width=\"178\" src=\"https:\/\/i0.wp.com\/corpbest.com\/wp-content\/uploads\/2022\/11\/0603-020.jpg?resize=178%2C152\" style=\"width: 100%;\">            <\/a>        <\/div><\/div><\/td><td class=\"wptb-cell\" data-y-index=\"1\" data-x-index=\"1\" style=\"border: 1px solid rgb(1, 10, 142); padding: 20px;\" data-wptb-css-td-auto-width=\"true\"><div class=\"wptb-text-container wptb-ph-element wptb-element-text-209\" style=\"color: rgb(74, 85, 104); font-size: 14px;\"><div class=\"\" style=\"position: relative;\"><p>UNIDAD CONDENSADORA 1\/2HP BAJA R404A -40 -10\u00b0C 110V 60HZ. (TANQUE) TDB<\/p><\/div><\/div><\/td><\/tr><tr class=\"wptb-row\" style=\"background-color: rgb(255, 255, 255);\"><td class=\"wptb-cell\" data-y-index=\"2\" data-x-index=\"0\" style=\"border: 1px solid rgb(1, 10, 142); padding: 20px; width: 172px;\"><div class=\"wptb-image-container wptb-ph-element wptb-element-image-3\" data-wptb-image-alignment=\"center\"><div class=\"wptb-image-wrapper\">            <a style=\"display: block; width: 82%;\" class=\"\">                                <img data-recalc-dims=\"1\" decoding=\"async\" class=\"wptb-image-element-target\" height=\"196\" width=\"186\" src=\"https:\/\/i0.wp.com\/corpbest.com\/wp-content\/uploads\/2022\/11\/0603-030.jpg?resize=186%2C196\" style=\"width: 100%;\">            <\/a>        <\/div><\/div><\/td><td class=\"wptb-cell\" data-y-index=\"2\" data-x-index=\"1\" style=\"border: 1px solid rgb(1, 10, 142); padding: 20px;\" data-wptb-css-td-auto-width=\"true\"><div class=\"wptb-text-container wptb-ph-element wptb-element-text-210\" style=\"color: rgb(74, 85, 104); font-size: 14px;\"><div class=\"\" style=\"position: relative;\"><p>UNIDAD CONDENSADORA 3\/4HP BAJA R404A -40 -10\u00b0C 220V 60HZ. (TANQUE) TDB<\/p><\/div><\/div><\/td><\/tr><tr class=\"wptb-row\" style=\"background-color: rgb(255, 255, 255);\"><td class=\"wptb-cell\" data-y-index=\"3\" data-x-index=\"0\" style=\"border: 1px solid rgb(1, 10, 142); padding: 20px; width: 172px;\"><div class=\"wptb-image-container wptb-ph-element wptb-element-image-4\" data-wptb-image-alignment=\"center\"><div class=\"wptb-image-wrapper\">            <a style=\"display: block; width: 95%;\" class=\"\">                                <img data-recalc-dims=\"1\" decoding=\"async\" class=\"wptb-image-element-target\" height=\"149\" width=\"155\" src=\"https:\/\/i0.wp.com\/corpbest.com\/wp-content\/uploads\/2022\/11\/0603-040.jpg?resize=155%2C149\" style=\"width: 100%;\">            <\/a>        <\/div><\/div><\/td><td class=\"wptb-cell\" data-y-index=\"3\" data-x-index=\"1\" style=\"border: 1px solid rgb(1, 10, 142); padding: 20px;\" data-wptb-css-td-auto-width=\"true\"><div class=\"wptb-text-container wptb-ph-element wptb-element-text-211\" style=\"color: rgb(74, 85, 104); font-size: 14px;\"><div class=\"\" style=\"position: relative;\"><p>UNIDAD CONDENSADORA 1HP BAJA R404A -40 -10\u00b0C 220V 60HZ. (SOLENOIDE) TDB<\/p><\/div><\/div><\/td><\/tr><tr class=\"wptb-row\" style=\"background-color: rgb(255, 255, 255);\"><td class=\"wptb-cell\" data-y-index=\"4\" data-x-index=\"0\" style=\"border: 1px solid rgb(1, 10, 142); padding: 20px; width: 172px;\"><div class=\"wptb-image-container wptb-ph-element wptb-element-image-5\" data-wptb-image-alignment=\"center\"><div class=\"wptb-image-wrapper\">            <a style=\"display: block; width: 92%;\" class=\"\">                                <img data-recalc-dims=\"1\" decoding=\"async\" class=\"wptb-image-element-target\" height=\"172\" width=\"189\" src=\"https:\/\/i0.wp.com\/corpbest.com\/wp-content\/uploads\/2022\/11\/0603-100.jpg?resize=189%2C172\" style=\"width: 100%;\">            <\/a>        <\/div><\/div><\/td><td class=\"wptb-cell\" data-y-index=\"4\" data-x-index=\"1\" style=\"border: 1px solid rgb(1, 10, 142); padding: 20px;\" data-wptb-css-td-auto-width=\"true\"><div class=\"wptb-text-container wptb-ph-element wptb-element-text-212\" style=\"color: rgb(74, 85, 104); font-size: 14px;\"><div class=\"\" style=\"position: relative;\"><p>UNIDAD CONDENSADORA 1\/2HP ALTA R134a -15 +15\u00b0C 110V 60HZ. (TANQUE) TDB<\/p><\/div><\/div><\/td><\/tr><tr class=\"wptb-row\" style=\"background-color: rgb(255, 255, 255);\"><td class=\"wptb-cell wptb-ondragenter\" data-y-index=\"5\" data-x-index=\"0\" style=\"border: 1px solid rgb(1, 10, 142); padding: 20px; width: 172px;\"><div class=\"wptb-image-container wptb-ph-element wptb-ondragenter wptb-element-image-6\" data-wptb-image-alignment=\"center\"><div class=\"wptb-image-wrapper\">            <a style=\"display: block; width: 81%;\" class=\"\">                                <img data-recalc-dims=\"1\" decoding=\"async\" class=\"wptb-image-element-target\" height=\"202\" width=\"173\" src=\"https:\/\/i0.wp.com\/corpbest.com\/wp-content\/uploads\/2022\/11\/0603-120.jpg?resize=173%2C202\" style=\"width: 100%;\">            <\/a>        <\/div><\/div><\/td><td class=\"wptb-cell\" data-y-index=\"5\" data-x-index=\"1\" style=\"border: 1px solid rgb(1, 10, 142); padding: 20px;\" data-wptb-css-td-auto-width=\"true\"><div class=\"wptb-text-container wptb-ph-element wptb-element-text-213\" style=\"color: rgb(74, 85, 104); font-size: 14px;\"><div class=\"\" style=\"position: relative;\"><p>UNIDAD CONDENSADORA 1HP ALTA R134a -6.7 +12.8\u00b0C 220V 60HZ. (TANQUE) TDB<\/p><\/div><\/div><\/td><\/tr><tr class=\"wptb-row\" style=\"background-color: rgb(255, 255, 255);\"><td class=\"wptb-cell\" style=\"border: 1px solid rgb(1, 10, 142); padding: 20px; width: 172px;\" data-x-index=\"0\" data-y-index=\"6\"><div class=\"wptb-image-container wptb-ph-element wptb-element-image-7\" data-wptb-image-alignment=\"center\"><div class=\"wptb-image-wrapper\">            <a style=\"display: block; width: 89%;\" class=\"\">                                <img data-recalc-dims=\"1\" decoding=\"async\" class=\"wptb-image-element-target\" height=\"177\" width=\"184\" src=\"https:\/\/i0.wp.com\/corpbest.com\/wp-content\/uploads\/2022\/11\/0603-140.jpg?resize=184%2C177\" style=\"width: 100%;\">            <\/a>        <\/div><\/div><\/td><td class=\"wptb-cell\" style=\"border: 1px solid rgb(1, 10, 142); padding: 20px;\" data-x-index=\"1\" data-y-index=\"6\" data-wptb-css-td-auto-width=\"true\"><div class=\"wptb-text-container wptb-ph-element wptb-element-text-215\" style=\"color: rgb(74, 85, 104); font-size: 14px;\"><div class=\"\" style=\"position: relative;\"><p>UNIDAD CONDENSADORA 1.5HP BAJA R404A -40 -10\u00b0C 220V 60HZ. (TANQUE) TDB<\/p><\/div><\/div><\/td><\/tr><\/tbody><\/table>\n<\/div>\n<\/div><\/div>\n<\/div>\n","protected":false},"excerpt":{"rendered":"","protected":false},"author":1,"featured_media":0,"parent":0,"menu_order":0,"comment_status":"closed","ping_status":"closed","template":"","meta":{"tpgb_global_settings":"","nf_dc_page":"","om_disable_all_campaigns":false,"_monsterinsights_skip_tracking":false,"_monsterinsights_sitenote_active":false,"_monsterinsights_sitenote_note":"","_monsterinsights_sitenote_category":0,"footnotes":""},"class_list":["post-821","page","type-page","status-publish","hentry"],"aioseo_notices":[],"yoast_head":"<!-- This site is optimized with the Yoast SEO plugin v27.4 - https:\/\/yoast.com\/product\/yoast-seo-wordpress\/ -->\n<title>Unidad Condensadora Tecumseh Do Brasil - CORPORACI\u00d3N BEST INTERNACIONAL 2002, C.A.<\/title>\n<meta name=\"description\" content=\"Una unidad condensadora Tecumseh son un conjunto del lado de alta presi\u00f3n de un sistema de refrigeraci\u00f3n. Es un conjunto de compresor, condensador, motor de ventilador, controles y una placa de montaje\" \/>\n<meta name=\"robots\" content=\"index, follow, max-snippet:-1, max-image-preview:large, max-video-preview:-1\" \/>\n<link rel=\"canonical\" href=\"https:\/\/corpbest.com\/?page_id=821\" \/>\n<meta property=\"og:locale\" content=\"en_US\" \/>\n<meta property=\"og:type\" content=\"article\" \/>\n<meta property=\"og:title\" content=\"Unidad Condensadora Tecumseh Do Brasil - CORPORACI\u00d3N BEST INTERNACIONAL 2002, C.A.\" \/>\n<meta property=\"og:description\" content=\"Una unidad condensadora Tecumseh son un conjunto del lado de alta presi\u00f3n de un sistema de refrigeraci\u00f3n. Es un conjunto de compresor, condensador, motor de ventilador, controles y una placa de montaje\" \/>\n<meta property=\"og:url\" content=\"https:\/\/corpbest.com\/?page_id=821\" \/>\n<meta property=\"og:site_name\" content=\"CORPORACI\u00d3N BEST INTERNACIONAL 2002, C.A.\" \/>\n<meta property=\"article:modified_time\" content=\"2022-11-03T13:36:44+00:00\" \/>\n<meta property=\"og:image\" content=\"https:\/\/corpbest.com\/wp-content\/uploads\/2022\/10\/Logo-Tecumseh2.jpg\" \/>\n<meta name=\"twitter:card\" content=\"summary_large_image\" \/>\n<meta name=\"twitter:label1\" content=\"Est. reading time\" \/>\n\t<meta name=\"twitter:data1\" content=\"1 minute\" \/>\n<script type=\"application\/ld+json\" class=\"yoast-schema-graph\">{\"@context\":\"https:\\\/\\\/schema.org\",\"@graph\":[{\"@type\":\"WebPage\",\"@id\":\"https:\\\/\\\/corpbest.com\\\/?page_id=821\",\"url\":\"https:\\\/\\\/corpbest.com\\\/?page_id=821\",\"name\":\"Unidad Condensadora Tecumseh Do Brasil - CORPORACI\u00d3N BEST INTERNACIONAL 2002, C.A.\",\"isPartOf\":{\"@id\":\"https:\\\/\\\/corpbest.com\\\/#website\"},\"primaryImageOfPage\":{\"@id\":\"https:\\\/\\\/corpbest.com\\\/?page_id=821#primaryimage\"},\"image\":{\"@id\":\"https:\\\/\\\/corpbest.com\\\/?page_id=821#primaryimage\"},\"thumbnailUrl\":\"https:\\\/\\\/corpbest.com\\\/wp-content\\\/uploads\\\/2022\\\/10\\\/Logo-Tecumseh2.jpg\",\"datePublished\":\"2022-10-28T18:24:22+00:00\",\"dateModified\":\"2022-11-03T13:36:44+00:00\",\"description\":\"Una unidad condensadora Tecumseh son un conjunto del lado de alta presi\u00f3n de un sistema de refrigeraci\u00f3n. Es un conjunto de compresor, condensador, motor de ventilador, controles y una placa de montaje\",\"breadcrumb\":{\"@id\":\"https:\\\/\\\/corpbest.com\\\/?page_id=821#breadcrumb\"},\"inLanguage\":\"en-US\",\"potentialAction\":[{\"@type\":\"ReadAction\",\"target\":[\"https:\\\/\\\/corpbest.com\\\/?page_id=821\"]}]},{\"@type\":\"ImageObject\",\"inLanguage\":\"en-US\",\"@id\":\"https:\\\/\\\/corpbest.com\\\/?page_id=821#primaryimage\",\"url\":\"https:\\\/\\\/i0.wp.com\\\/corpbest.com\\\/wp-content\\\/uploads\\\/2022\\\/10\\\/Logo-Tecumseh2.jpg?fit=593%2C167&ssl=1\",\"contentUrl\":\"https:\\\/\\\/i0.wp.com\\\/corpbest.com\\\/wp-content\\\/uploads\\\/2022\\\/10\\\/Logo-Tecumseh2.jpg?fit=593%2C167&ssl=1\",\"width\":593,\"height\":167},{\"@type\":\"BreadcrumbList\",\"@id\":\"https:\\\/\\\/corpbest.com\\\/?page_id=821#breadcrumb\",\"itemListElement\":[{\"@type\":\"ListItem\",\"position\":1,\"name\":\"Home\",\"item\":\"https:\\\/\\\/corpbest.com\\\/\"},{\"@type\":\"ListItem\",\"position\":2,\"name\":\"Unidad Condensadora Tecumseh Do Brasil\"}]},{\"@type\":\"WebSite\",\"@id\":\"https:\\\/\\\/corpbest.com\\\/#website\",\"url\":\"https:\\\/\\\/corpbest.com\\\/\",\"name\":\"CORPORACI\u00d3N BEST INTERNACIONAL 2002, C.A.\",\"description\":\"\",\"publisher\":{\"@id\":\"https:\\\/\\\/corpbest.com\\\/#organization\"},\"potentialAction\":[{\"@type\":\"SearchAction\",\"target\":{\"@type\":\"EntryPoint\",\"urlTemplate\":\"https:\\\/\\\/corpbest.com\\\/?s={search_term_string}\"},\"query-input\":{\"@type\":\"PropertyValueSpecification\",\"valueRequired\":true,\"valueName\":\"search_term_string\"}}],\"inLanguage\":\"en-US\"},{\"@type\":\"Organization\",\"@id\":\"https:\\\/\\\/corpbest.com\\\/#organization\",\"name\":\"CORPORACI\u00d3N BEST INTERNACIONAL 2002, C.A.\",\"url\":\"https:\\\/\\\/corpbest.com\\\/\",\"logo\":{\"@type\":\"ImageObject\",\"inLanguage\":\"en-US\",\"@id\":\"https:\\\/\\\/corpbest.com\\\/#\\\/schema\\\/logo\\\/image\\\/\",\"url\":\"https:\\\/\\\/i0.wp.com\\\/corpbest.com\\\/wp-content\\\/uploads\\\/2022\\\/10\\\/Logo-con-RIF.png?fit=3904%2C1245&ssl=1\",\"contentUrl\":\"https:\\\/\\\/i0.wp.com\\\/corpbest.com\\\/wp-content\\\/uploads\\\/2022\\\/10\\\/Logo-con-RIF.png?fit=3904%2C1245&ssl=1\",\"width\":3904,\"height\":1245,\"caption\":\"CORPORACI\u00d3N BEST INTERNACIONAL 2002, C.A.\"},\"image\":{\"@id\":\"https:\\\/\\\/corpbest.com\\\/#\\\/schema\\\/logo\\\/image\\\/\"}}]}<\/script>\n<!-- \/ Yoast SEO plugin. -->","yoast_head_json":{"title":"Unidad Condensadora Tecumseh Do Brasil - CORPORACI\u00d3N BEST INTERNACIONAL 2002, C.A.","description":"Una unidad condensadora Tecumseh son un conjunto del lado de alta presi\u00f3n de un sistema de refrigeraci\u00f3n. Es un conjunto de compresor, condensador, motor de ventilador, controles y una placa de montaje","robots":{"index":"index","follow":"follow","max-snippet":"max-snippet:-1","max-image-preview":"max-image-preview:large","max-video-preview":"max-video-preview:-1"},"canonical":"https:\/\/corpbest.com\/?page_id=821","og_locale":"en_US","og_type":"article","og_title":"Unidad Condensadora Tecumseh Do Brasil - CORPORACI\u00d3N BEST INTERNACIONAL 2002, C.A.","og_description":"Una unidad condensadora Tecumseh son un conjunto del lado de alta presi\u00f3n de un sistema de refrigeraci\u00f3n. Es un conjunto de compresor, condensador, motor de ventilador, controles y una placa de montaje","og_url":"https:\/\/corpbest.com\/?page_id=821","og_site_name":"CORPORACI\u00d3N BEST INTERNACIONAL 2002, C.A.","article_modified_time":"2022-11-03T13:36:44+00:00","og_image":[{"url":"https:\/\/corpbest.com\/wp-content\/uploads\/2022\/10\/Logo-Tecumseh2.jpg","type":"","width":"","height":""}],"twitter_card":"summary_large_image","twitter_misc":{"Est. reading time":"1 minute"},"schema":{"@context":"https:\/\/schema.org","@graph":[{"@type":"WebPage","@id":"https:\/\/corpbest.com\/?page_id=821","url":"https:\/\/corpbest.com\/?page_id=821","name":"Unidad Condensadora Tecumseh Do Brasil - CORPORACI\u00d3N BEST INTERNACIONAL 2002, C.A.","isPartOf":{"@id":"https:\/\/corpbest.com\/#website"},"primaryImageOfPage":{"@id":"https:\/\/corpbest.com\/?page_id=821#primaryimage"},"image":{"@id":"https:\/\/corpbest.com\/?page_id=821#primaryimage"},"thumbnailUrl":"https:\/\/corpbest.com\/wp-content\/uploads\/2022\/10\/Logo-Tecumseh2.jpg","datePublished":"2022-10-28T18:24:22+00:00","dateModified":"2022-11-03T13:36:44+00:00","description":"Una unidad condensadora Tecumseh son un conjunto del lado de alta presi\u00f3n de un sistema de refrigeraci\u00f3n. Es un conjunto de compresor, condensador, motor de ventilador, controles y una placa de montaje","breadcrumb":{"@id":"https:\/\/corpbest.com\/?page_id=821#breadcrumb"},"inLanguage":"en-US","potentialAction":[{"@type":"ReadAction","target":["https:\/\/corpbest.com\/?page_id=821"]}]},{"@type":"ImageObject","inLanguage":"en-US","@id":"https:\/\/corpbest.com\/?page_id=821#primaryimage","url":"https:\/\/i0.wp.com\/corpbest.com\/wp-content\/uploads\/2022\/10\/Logo-Tecumseh2.jpg?fit=593%2C167&ssl=1","contentUrl":"https:\/\/i0.wp.com\/corpbest.com\/wp-content\/uploads\/2022\/10\/Logo-Tecumseh2.jpg?fit=593%2C167&ssl=1","width":593,"height":167},{"@type":"BreadcrumbList","@id":"https:\/\/corpbest.com\/?page_id=821#breadcrumb","itemListElement":[{"@type":"ListItem","position":1,"name":"Home","item":"https:\/\/corpbest.com\/"},{"@type":"ListItem","position":2,"name":"Unidad Condensadora Tecumseh Do Brasil"}]},{"@type":"WebSite","@id":"https:\/\/corpbest.com\/#website","url":"https:\/\/corpbest.com\/","name":"CORPORACI\u00d3N BEST INTERNACIONAL 2002, C.A.","description":"","publisher":{"@id":"https:\/\/corpbest.com\/#organization"},"potentialAction":[{"@type":"SearchAction","target":{"@type":"EntryPoint","urlTemplate":"https:\/\/corpbest.com\/?s={search_term_string}"},"query-input":{"@type":"PropertyValueSpecification","valueRequired":true,"valueName":"search_term_string"}}],"inLanguage":"en-US"},{"@type":"Organization","@id":"https:\/\/corpbest.com\/#organization","name":"CORPORACI\u00d3N BEST INTERNACIONAL 2002, C.A.","url":"https:\/\/corpbest.com\/","logo":{"@type":"ImageObject","inLanguage":"en-US","@id":"https:\/\/corpbest.com\/#\/schema\/logo\/image\/","url":"https:\/\/i0.wp.com\/corpbest.com\/wp-content\/uploads\/2022\/10\/Logo-con-RIF.png?fit=3904%2C1245&ssl=1","contentUrl":"https:\/\/i0.wp.com\/corpbest.com\/wp-content\/uploads\/2022\/10\/Logo-con-RIF.png?fit=3904%2C1245&ssl=1","width":3904,"height":1245,"caption":"CORPORACI\u00d3N BEST INTERNACIONAL 2002, C.A."},"image":{"@id":"https:\/\/corpbest.com\/#\/schema\/logo\/image\/"}}]}},"tpgb_featured_images":null,"tpgb_post_meta_info":{"get_date":"October 28, 2022","get_modified_date":"November 3, 2022","author_name":"mederosy","author_url":"https:\/\/corpbest.com\/?author=1","author_email":"mederosy@gmail.com","author_website":"","author_description":"","author_facebook":"","author_twitter":"","author_instagram":"","author_role":["administrator"],"author_firstname":"","author_lastname":"","user_login":"mederosy","author_avatar":"<img alt='' src='https:\/\/secure.gravatar.com\/avatar\/4415bbafcb7ef782795c7473f258df90aebdae3923143af041180066fa38b97e?s=200&#038;d=mm&#038;r=g' srcset='https:\/\/secure.gravatar.com\/avatar\/4415bbafcb7ef782795c7473f258df90aebdae3923143af041180066fa38b97e?s=400&#038;d=mm&#038;r=g 2x' class='avatar avatar-200 photo' height='200' width='200' decoding='async'\/>","author_avatar_url":"https:\/\/secure.gravatar.com\/avatar\/4415bbafcb7ef782795c7473f258df90aebdae3923143af041180066fa38b97e?s=96&d=mm&r=g","comment_count":0,"post_likes":0,"post_views":0},"tpgb_post_category":[],"jetpack_sharing_enabled":true,"_links":{"self":[{"href":"https:\/\/corpbest.com\/index.php?rest_route=\/wp\/v2\/pages\/821","targetHints":{"allow":["GET"]}}],"collection":[{"href":"https:\/\/corpbest.com\/index.php?rest_route=\/wp\/v2\/pages"}],"about":[{"href":"https:\/\/corpbest.com\/index.php?rest_route=\/wp\/v2\/types\/page"}],"author":[{"embeddable":true,"href":"https:\/\/corpbest.com\/index.php?rest_route=\/wp\/v2\/users\/1"}],"replies":[{"embeddable":true,"href":"https:\/\/corpbest.com\/index.php?rest_route=%2Fwp%2Fv2%2Fcomments&post=821"}],"version-history":[{"count":5,"href":"https:\/\/corpbest.com\/index.php?rest_route=\/wp\/v2\/pages\/821\/revisions"}],"predecessor-version":[{"id":1310,"href":"https:\/\/corpbest.com\/index.php?rest_route=\/wp\/v2\/pages\/821\/revisions\/1310"}],"wp:attachment":[{"href":"https:\/\/corpbest.com\/index.php?rest_route=%2Fwp%2Fv2%2Fmedia&parent=821"}],"curies":[{"name":"wp","href":"https:\/\/api.w.org\/{rel}","templated":true}]}}