{"id":896,"date":"2022-10-31T13:12:16","date_gmt":"2022-10-31T13:12:16","guid":{"rendered":"https:\/\/corpbest.com\/?page_id=896"},"modified":"2022-11-16T13:53:50","modified_gmt":"2022-11-16T13:53:50","slug":"unidad-condensadora-y-compresores-danfoss","status":"publish","type":"page","link":"https:\/\/corpbest.com\/?page_id=896","title":{"rendered":"Unidad Condensadora y Compresores Danfoss"},"content":{"rendered":"\n<div class=\"wp-block-columns is-layout-flex wp-container-core-columns-is-layout-28f84493 wp-block-columns-is-layout-flex\">\n<div class=\"wp-block-column is-layout-flow wp-block-column-is-layout-flow\">\n<figure class=\"wp-block-image size-full is-resized\"><img data-recalc-dims=\"1\" decoding=\"async\" src=\"https:\/\/i0.wp.com\/corpbest.com\/wp-content\/uploads\/2022\/11\/Logo-Danfoss-Peq-1.png?resize=175%2C70&#038;ssl=1\" alt=\"\" class=\"wp-image-1038\" width=\"175\" height=\"70\" srcset=\"https:\/\/i0.wp.com\/corpbest.com\/wp-content\/uploads\/2022\/11\/Logo-Danfoss-Peq-1.png?w=330&amp;ssl=1 330w, https:\/\/i0.wp.com\/corpbest.com\/wp-content\/uploads\/2022\/11\/Logo-Danfoss-Peq-1.png?resize=300%2C120&amp;ssl=1 300w\" sizes=\"(max-width: 175px) 100vw, 175px\" \/><\/figure>\n<\/div>\n\n\n\n<div class=\"wp-block-column is-layout-flow wp-block-column-is-layout-flow\"><\/div>\n<\/div>\n\n\n\n<div class=\"wp-block-columns is-style-customboxshadow is-layout-flex wp-container-core-columns-is-layout-b2dcead3 wp-block-columns-is-layout-flex\" style=\"padding-top:7px;padding-right:7px;padding-bottom:7px;padding-left:7px\">\n<div class=\"wp-block-column is-layout-flow wp-block-column-is-layout-flow\"><div class=\"wp-block-wptb-table-block\"><div class=\"wptb-container-legacy\" data-table-id=\"1017\">\n    <table class=\"wptb-preview-table wptb-element-main-table_setting-951 edit-active\" data-reconstraction=\"1\" style=\"border: 1px solid rgb(1, 10, 142);\" data-wptb-table-tds-sum-max-width=\"297.993118\" data-wptb-cells-width-auto-count=\"1\" data-wptb-horizontal-scroll-status=\"false\" data-wptb-extra-styles=\"LyogRW50ZXIgeW91ciBjdXN0b20gQ1NTIHJ1bGVzIGhlcmUgKi8=\" role=\"table\" data-wptb-apply-table-container-max-width=\"1\" data-wptb-table-container-max-width=\"1026\" data-wptb-td-width-auto=\"43\" data-table-columns=\"2\" data-wptb-header-background-color=\"#FFFFFFFF\" data-wptb-even-row-background-color=\"#FFFFFFFF\" data-wptb-odd-row-background-color=\"#FFFFFFFF\" data-wptb-table-alignment=\"center\"><tbody><tr class=\"wptb-row\" style=\"background-color: rgb(255, 255, 255);\"><td class=\"wptb-cell\" data-y-index=\"0\" data-x-index=\"0\" style=\"border: 1px solid rgb(1, 10, 142); padding: 20px; width: 172px;\"><div class=\"wptb-image-container wptb-ph-element wptb-element-image-1\" data-wptb-image-alignment=\"center\"><div class=\"wptb-image-wrapper\">            <a style=\"display: block; width: 91%;\" class=\"\">                                <img data-recalc-dims=\"1\" decoding=\"async\" class=\"wptb-image-element-target\" height=\"300\" width=\"300\" src=\"https:\/\/i0.wp.com\/corpbest.com\/wp-content\/uploads\/2022\/11\/0605-090.jpg?resize=300%2C300\" style=\"width: 100%;\">            <\/a>        <\/div><\/div><\/td><td class=\"wptb-cell\" data-y-index=\"0\" data-x-index=\"1\" style=\"border: 1px solid rgb(1, 10, 142); padding: 20px;\" data-wptb-css-td-auto-width=\"true\"><div class=\"wptb-text-container wptb-ph-element wptb-element-text-208\" style=\"color: rgb(74, 85, 104); font-size: 14px;\"><div class=\"\" style=\"position: relative;\"><p>UNIDAD CONDENSADORA 1.5TR PH1 220V -30 +10\u00b0C R22-R134a-R404A Danfoss<\/p><\/div><\/div><\/td><\/tr><tr class=\"wptb-row\" style=\"background-color: rgb(255, 255, 255);\"><td class=\"wptb-cell\" data-y-index=\"1\" data-x-index=\"0\" style=\"border: 1px solid rgb(1, 10, 142); padding: 20px; width: 172px;\"><div class=\"wptb-image-container wptb-ph-element wptb-element-image-2\" data-wptb-image-alignment=\"center\"><div class=\"wptb-image-wrapper\">            <a style=\"display: block; width: 94%;\" class=\"\">                                <img data-recalc-dims=\"1\" decoding=\"async\" class=\"wptb-image-element-target\" height=\"422\" width=\"450\" src=\"https:\/\/i0.wp.com\/corpbest.com\/wp-content\/uploads\/2022\/11\/0607-915.jpg?resize=450%2C422\" style=\"width: 100%;\">            <\/a>        <\/div><\/div><\/td><td class=\"wptb-cell\" data-y-index=\"1\" data-x-index=\"1\" style=\"border: 1px solid rgb(1, 10, 142); padding: 20px;\" data-wptb-css-td-auto-width=\"true\"><div class=\"wptb-text-container wptb-ph-element wptb-element-text-209\" style=\"color: rgb(74, 85, 104); font-size: 14px;\"><div class=\"\" style=\"position: relative;\"><p>COMPRESOR MANEUROP 1.5HP PH1 220V -30 +12.5\u00b0C (Op. V06-V01) R404A Danfoss<br>COMPRESOR MANEUROP 2HP PH1 220V -30 +12.5\u00b0C (Op. V09-V06) R404A Danfoss<br>COMPRESOR MANEUROP 9HP PH3 220V -30 +12.5\u00b0C (Op. V02-V04) R404A Danfoss<br>COMPRESOR MANEUROP 10.5HP PH3 220V -30 +12.5\u00b0C (Op. V02-V05) R404A Danfoss<\/p><\/div><\/div><\/td><\/tr><tr class=\"wptb-row\" style=\"background-color: rgb(255, 255, 255);\"><td class=\"wptb-cell\" data-y-index=\"2\" data-x-index=\"0\" style=\"border: 1px solid rgb(1, 10, 142); padding: 20px; width: 172px;\"><div class=\"wptb-image-container wptb-ph-element wptb-element-image-3\" data-wptb-image-alignment=\"center\"><div class=\"wptb-image-wrapper\">            <a style=\"display: block; width: 69%;\" class=\"\">                                <img data-recalc-dims=\"1\" decoding=\"async\" class=\"wptb-image-element-target\" height=\"397\" width=\"238\" src=\"https:\/\/i0.wp.com\/corpbest.com\/wp-content\/uploads\/2022\/11\/0703-100-Copy.png?resize=238%2C397\" style=\"width: 100%;\">            <\/a>        <\/div><\/div><\/td><td class=\"wptb-cell\" data-y-index=\"2\" data-x-index=\"1\" style=\"border: 1px solid rgb(1, 10, 142); padding: 20px;\" data-wptb-css-td-auto-width=\"true\"><div class=\"wptb-text-container wptb-ph-element wptb-element-text-210\" style=\"color: rgb(74, 85, 104); font-size: 14px;\"><div class=\"\" style=\"position: relative;\"><p>COMPRESOR SCROLL 7.5TONS 220V PH3 Danfoss<br>COMPRESOR SCROLL 10TONS 220V PH3 Danfoss<\/p><\/div><\/div><\/td><\/tr><tr class=\"wptb-row\" style=\"background-color: rgb(255, 255, 255);\"><td class=\"wptb-cell\" data-y-index=\"3\" data-x-index=\"0\" style=\"border: 1px solid rgb(1, 10, 142); padding: 20px; width: 172px;\"><div class=\"wptb-image-container wptb-ph-element wptb-element-image-4\" data-wptb-image-alignment=\"center\"><div class=\"wptb-image-wrapper\">            <a style=\"display: block; width: 63%;\" class=\"\">                                <img data-recalc-dims=\"1\" decoding=\"async\" class=\"wptb-image-element-target\" height=\"615\" width=\"327\" src=\"https:\/\/i0.wp.com\/corpbest.com\/wp-content\/uploads\/2022\/11\/0608-250.png?resize=327%2C615\" style=\"width: 100%;\">            <\/a>        <\/div><\/div><\/td><td class=\"wptb-cell\" data-y-index=\"3\" data-x-index=\"1\" style=\"border: 1px solid rgb(1, 10, 142); padding: 20px;\" data-wptb-css-td-auto-width=\"true\"><div class=\"wptb-text-container wptb-ph-element wptb-element-text-211\" style=\"color: rgb(74, 85, 104); font-size: 14px;\"><div class=\"\" style=\"position: relative;\"><p>COMPRESOR MANEUROP SCROLL 3HP PH1 220V -27 +10\u00b0C R22-R134a-R404 Danfoss<br>COMPRESOR MANEUROP SCROLL 7HP PH3 220V -27 +10\u00b0C R22-R134a-R404 Danfoss<\/p><\/div><\/div><\/td><\/tr><\/tbody><\/table>\n<\/div>\n<\/div><\/div>\n<\/div>\n","protected":false},"excerpt":{"rendered":"","protected":false},"author":1,"featured_media":0,"parent":0,"menu_order":0,"comment_status":"closed","ping_status":"closed","template":"","meta":{"tpgb_global_settings":"","nf_dc_page":"","om_disable_all_campaigns":false,"_monsterinsights_skip_tracking":false,"_monsterinsights_sitenote_active":false,"_monsterinsights_sitenote_note":"","_monsterinsights_sitenote_category":0,"footnotes":""},"class_list":["post-896","page","type-page","status-publish","hentry"],"aioseo_notices":[],"yoast_head":"<!-- This site is optimized with the Yoast SEO plugin v27.4 - https:\/\/yoast.com\/product\/yoast-seo-wordpress\/ -->\n<title>Unidad Condensadora y Compresores Danfoss - CORPORACI\u00d3N BEST INTERNACIONAL 2002, C.A.<\/title>\n<meta name=\"description\" content=\"Unidad condensadora de refrigeraci\u00f3n comercial de Danfoss es la combinaci\u00f3n optimizada de eficiencia, fiabilidad, instalaci\u00f3n sencilla.\" \/>\n<meta name=\"robots\" content=\"index, follow, max-snippet:-1, max-image-preview:large, max-video-preview:-1\" \/>\n<link rel=\"canonical\" href=\"https:\/\/corpbest.com\/?page_id=896\" \/>\n<meta property=\"og:locale\" content=\"en_US\" \/>\n<meta property=\"og:type\" content=\"article\" \/>\n<meta property=\"og:title\" content=\"Unidad Condensadora y Compresores Danfoss - CORPORACI\u00d3N BEST INTERNACIONAL 2002, C.A.\" \/>\n<meta property=\"og:description\" content=\"Unidad condensadora de refrigeraci\u00f3n comercial de Danfoss es la combinaci\u00f3n optimizada de eficiencia, fiabilidad, instalaci\u00f3n sencilla.\" \/>\n<meta property=\"og:url\" content=\"https:\/\/corpbest.com\/?page_id=896\" \/>\n<meta property=\"og:site_name\" content=\"CORPORACI\u00d3N BEST INTERNACIONAL 2002, C.A.\" \/>\n<meta property=\"article:modified_time\" content=\"2022-11-16T13:53:50+00:00\" \/>\n<meta property=\"og:image\" content=\"https:\/\/corpbest.com\/wp-content\/uploads\/2022\/11\/Logo-Danfoss-Peq-1.png\" \/>\n<meta name=\"twitter:card\" content=\"summary_large_image\" \/>\n<meta name=\"twitter:label1\" content=\"Est. reading time\" \/>\n\t<meta name=\"twitter:data1\" content=\"1 minute\" \/>\n<script type=\"application\/ld+json\" class=\"yoast-schema-graph\">{\"@context\":\"https:\\\/\\\/schema.org\",\"@graph\":[{\"@type\":\"WebPage\",\"@id\":\"https:\\\/\\\/corpbest.com\\\/?page_id=896\",\"url\":\"https:\\\/\\\/corpbest.com\\\/?page_id=896\",\"name\":\"Unidad Condensadora y Compresores Danfoss - CORPORACI\u00d3N BEST INTERNACIONAL 2002, C.A.\",\"isPartOf\":{\"@id\":\"https:\\\/\\\/corpbest.com\\\/#website\"},\"primaryImageOfPage\":{\"@id\":\"https:\\\/\\\/corpbest.com\\\/?page_id=896#primaryimage\"},\"image\":{\"@id\":\"https:\\\/\\\/corpbest.com\\\/?page_id=896#primaryimage\"},\"thumbnailUrl\":\"https:\\\/\\\/corpbest.com\\\/wp-content\\\/uploads\\\/2022\\\/11\\\/Logo-Danfoss-Peq-1.png\",\"datePublished\":\"2022-10-31T13:12:16+00:00\",\"dateModified\":\"2022-11-16T13:53:50+00:00\",\"description\":\"Unidad condensadora de refrigeraci\u00f3n comercial de Danfoss es la combinaci\u00f3n optimizada de eficiencia, fiabilidad, instalaci\u00f3n sencilla.\",\"breadcrumb\":{\"@id\":\"https:\\\/\\\/corpbest.com\\\/?page_id=896#breadcrumb\"},\"inLanguage\":\"en-US\",\"potentialAction\":[{\"@type\":\"ReadAction\",\"target\":[\"https:\\\/\\\/corpbest.com\\\/?page_id=896\"]}]},{\"@type\":\"ImageObject\",\"inLanguage\":\"en-US\",\"@id\":\"https:\\\/\\\/corpbest.com\\\/?page_id=896#primaryimage\",\"url\":\"https:\\\/\\\/i0.wp.com\\\/corpbest.com\\\/wp-content\\\/uploads\\\/2022\\\/11\\\/Logo-Danfoss-Peq-1.png?fit=330%2C132&ssl=1\",\"contentUrl\":\"https:\\\/\\\/i0.wp.com\\\/corpbest.com\\\/wp-content\\\/uploads\\\/2022\\\/11\\\/Logo-Danfoss-Peq-1.png?fit=330%2C132&ssl=1\",\"width\":330,\"height\":132},{\"@type\":\"BreadcrumbList\",\"@id\":\"https:\\\/\\\/corpbest.com\\\/?page_id=896#breadcrumb\",\"itemListElement\":[{\"@type\":\"ListItem\",\"position\":1,\"name\":\"Home\",\"item\":\"https:\\\/\\\/corpbest.com\\\/\"},{\"@type\":\"ListItem\",\"position\":2,\"name\":\"Unidad Condensadora y Compresores Danfoss\"}]},{\"@type\":\"WebSite\",\"@id\":\"https:\\\/\\\/corpbest.com\\\/#website\",\"url\":\"https:\\\/\\\/corpbest.com\\\/\",\"name\":\"CORPORACI\u00d3N BEST INTERNACIONAL 2002, C.A.\",\"description\":\"\",\"publisher\":{\"@id\":\"https:\\\/\\\/corpbest.com\\\/#organization\"},\"potentialAction\":[{\"@type\":\"SearchAction\",\"target\":{\"@type\":\"EntryPoint\",\"urlTemplate\":\"https:\\\/\\\/corpbest.com\\\/?s={search_term_string}\"},\"query-input\":{\"@type\":\"PropertyValueSpecification\",\"valueRequired\":true,\"valueName\":\"search_term_string\"}}],\"inLanguage\":\"en-US\"},{\"@type\":\"Organization\",\"@id\":\"https:\\\/\\\/corpbest.com\\\/#organization\",\"name\":\"CORPORACI\u00d3N BEST INTERNACIONAL 2002, C.A.\",\"url\":\"https:\\\/\\\/corpbest.com\\\/\",\"logo\":{\"@type\":\"ImageObject\",\"inLanguage\":\"en-US\",\"@id\":\"https:\\\/\\\/corpbest.com\\\/#\\\/schema\\\/logo\\\/image\\\/\",\"url\":\"https:\\\/\\\/i0.wp.com\\\/corpbest.com\\\/wp-content\\\/uploads\\\/2022\\\/10\\\/Logo-con-RIF.png?fit=3904%2C1245&ssl=1\",\"contentUrl\":\"https:\\\/\\\/i0.wp.com\\\/corpbest.com\\\/wp-content\\\/uploads\\\/2022\\\/10\\\/Logo-con-RIF.png?fit=3904%2C1245&ssl=1\",\"width\":3904,\"height\":1245,\"caption\":\"CORPORACI\u00d3N BEST INTERNACIONAL 2002, C.A.\"},\"image\":{\"@id\":\"https:\\\/\\\/corpbest.com\\\/#\\\/schema\\\/logo\\\/image\\\/\"}}]}<\/script>\n<!-- \/ Yoast SEO plugin. -->","yoast_head_json":{"title":"Unidad Condensadora y Compresores Danfoss - CORPORACI\u00d3N BEST INTERNACIONAL 2002, C.A.","description":"Unidad condensadora de refrigeraci\u00f3n comercial de Danfoss es la combinaci\u00f3n optimizada de eficiencia, fiabilidad, instalaci\u00f3n sencilla.","robots":{"index":"index","follow":"follow","max-snippet":"max-snippet:-1","max-image-preview":"max-image-preview:large","max-video-preview":"max-video-preview:-1"},"canonical":"https:\/\/corpbest.com\/?page_id=896","og_locale":"en_US","og_type":"article","og_title":"Unidad Condensadora y Compresores Danfoss - CORPORACI\u00d3N BEST INTERNACIONAL 2002, C.A.","og_description":"Unidad condensadora de refrigeraci\u00f3n comercial de Danfoss es la combinaci\u00f3n optimizada de eficiencia, fiabilidad, instalaci\u00f3n sencilla.","og_url":"https:\/\/corpbest.com\/?page_id=896","og_site_name":"CORPORACI\u00d3N BEST INTERNACIONAL 2002, C.A.","article_modified_time":"2022-11-16T13:53:50+00:00","og_image":[{"url":"https:\/\/corpbest.com\/wp-content\/uploads\/2022\/11\/Logo-Danfoss-Peq-1.png","type":"","width":"","height":""}],"twitter_card":"summary_large_image","twitter_misc":{"Est. reading time":"1 minute"},"schema":{"@context":"https:\/\/schema.org","@graph":[{"@type":"WebPage","@id":"https:\/\/corpbest.com\/?page_id=896","url":"https:\/\/corpbest.com\/?page_id=896","name":"Unidad Condensadora y Compresores Danfoss - CORPORACI\u00d3N BEST INTERNACIONAL 2002, C.A.","isPartOf":{"@id":"https:\/\/corpbest.com\/#website"},"primaryImageOfPage":{"@id":"https:\/\/corpbest.com\/?page_id=896#primaryimage"},"image":{"@id":"https:\/\/corpbest.com\/?page_id=896#primaryimage"},"thumbnailUrl":"https:\/\/corpbest.com\/wp-content\/uploads\/2022\/11\/Logo-Danfoss-Peq-1.png","datePublished":"2022-10-31T13:12:16+00:00","dateModified":"2022-11-16T13:53:50+00:00","description":"Unidad condensadora de refrigeraci\u00f3n comercial de Danfoss es la combinaci\u00f3n optimizada de eficiencia, fiabilidad, instalaci\u00f3n sencilla.","breadcrumb":{"@id":"https:\/\/corpbest.com\/?page_id=896#breadcrumb"},"inLanguage":"en-US","potentialAction":[{"@type":"ReadAction","target":["https:\/\/corpbest.com\/?page_id=896"]}]},{"@type":"ImageObject","inLanguage":"en-US","@id":"https:\/\/corpbest.com\/?page_id=896#primaryimage","url":"https:\/\/i0.wp.com\/corpbest.com\/wp-content\/uploads\/2022\/11\/Logo-Danfoss-Peq-1.png?fit=330%2C132&ssl=1","contentUrl":"https:\/\/i0.wp.com\/corpbest.com\/wp-content\/uploads\/2022\/11\/Logo-Danfoss-Peq-1.png?fit=330%2C132&ssl=1","width":330,"height":132},{"@type":"BreadcrumbList","@id":"https:\/\/corpbest.com\/?page_id=896#breadcrumb","itemListElement":[{"@type":"ListItem","position":1,"name":"Home","item":"https:\/\/corpbest.com\/"},{"@type":"ListItem","position":2,"name":"Unidad Condensadora y Compresores Danfoss"}]},{"@type":"WebSite","@id":"https:\/\/corpbest.com\/#website","url":"https:\/\/corpbest.com\/","name":"CORPORACI\u00d3N BEST INTERNACIONAL 2002, C.A.","description":"","publisher":{"@id":"https:\/\/corpbest.com\/#organization"},"potentialAction":[{"@type":"SearchAction","target":{"@type":"EntryPoint","urlTemplate":"https:\/\/corpbest.com\/?s={search_term_string}"},"query-input":{"@type":"PropertyValueSpecification","valueRequired":true,"valueName":"search_term_string"}}],"inLanguage":"en-US"},{"@type":"Organization","@id":"https:\/\/corpbest.com\/#organization","name":"CORPORACI\u00d3N BEST INTERNACIONAL 2002, C.A.","url":"https:\/\/corpbest.com\/","logo":{"@type":"ImageObject","inLanguage":"en-US","@id":"https:\/\/corpbest.com\/#\/schema\/logo\/image\/","url":"https:\/\/i0.wp.com\/corpbest.com\/wp-content\/uploads\/2022\/10\/Logo-con-RIF.png?fit=3904%2C1245&ssl=1","contentUrl":"https:\/\/i0.wp.com\/corpbest.com\/wp-content\/uploads\/2022\/10\/Logo-con-RIF.png?fit=3904%2C1245&ssl=1","width":3904,"height":1245,"caption":"CORPORACI\u00d3N BEST INTERNACIONAL 2002, C.A."},"image":{"@id":"https:\/\/corpbest.com\/#\/schema\/logo\/image\/"}}]}},"tpgb_featured_images":null,"tpgb_post_meta_info":{"get_date":"October 31, 2022","get_modified_date":"November 16, 2022","author_name":"mederosy","author_url":"https:\/\/corpbest.com\/?author=1","author_email":"mederosy@gmail.com","author_website":"","author_description":"","author_facebook":"","author_twitter":"","author_instagram":"","author_role":["administrator"],"author_firstname":"","author_lastname":"","user_login":"mederosy","author_avatar":"<img alt='' src='https:\/\/secure.gravatar.com\/avatar\/4415bbafcb7ef782795c7473f258df90aebdae3923143af041180066fa38b97e?s=200&#038;d=mm&#038;r=g' srcset='https:\/\/secure.gravatar.com\/avatar\/4415bbafcb7ef782795c7473f258df90aebdae3923143af041180066fa38b97e?s=400&#038;d=mm&#038;r=g 2x' class='avatar avatar-200 photo' height='200' width='200' decoding='async'\/>","author_avatar_url":"https:\/\/secure.gravatar.com\/avatar\/4415bbafcb7ef782795c7473f258df90aebdae3923143af041180066fa38b97e?s=96&d=mm&r=g","comment_count":0,"post_likes":0,"post_views":0},"tpgb_post_category":[],"jetpack_sharing_enabled":true,"_links":{"self":[{"href":"https:\/\/corpbest.com\/index.php?rest_route=\/wp\/v2\/pages\/896","targetHints":{"allow":["GET"]}}],"collection":[{"href":"https:\/\/corpbest.com\/index.php?rest_route=\/wp\/v2\/pages"}],"about":[{"href":"https:\/\/corpbest.com\/index.php?rest_route=\/wp\/v2\/types\/page"}],"author":[{"embeddable":true,"href":"https:\/\/corpbest.com\/index.php?rest_route=\/wp\/v2\/users\/1"}],"replies":[{"embeddable":true,"href":"https:\/\/corpbest.com\/index.php?rest_route=%2Fwp%2Fv2%2Fcomments&post=896"}],"version-history":[{"count":5,"href":"https:\/\/corpbest.com\/index.php?rest_route=\/wp\/v2\/pages\/896\/revisions"}],"predecessor-version":[{"id":1455,"href":"https:\/\/corpbest.com\/index.php?rest_route=\/wp\/v2\/pages\/896\/revisions\/1455"}],"wp:attachment":[{"href":"https:\/\/corpbest.com\/index.php?rest_route=%2Fwp%2Fv2%2Fmedia&parent=896"}],"curies":[{"name":"wp","href":"https:\/\/api.w.org\/{rel}","templated":true}]}}